{"id":89743,"date":"2022-02-04T13:35:38","date_gmt":"2022-02-04T12:35:38","guid":{"rendered":"https:\/\/www.zsben.cz\/wordpress\/?page_id=89743"},"modified":"2022-02-04T13:41:29","modified_gmt":"2022-02-04T12:41:29","slug":"provozni-doba","status":"publish","type":"page","link":"https:\/\/www.zsben.cz\/wordpress\/?page_id=89743","title":{"rendered":"Provozn\u00ed doba"},"content":{"rendered":"<h2><strong>Provozn\u00ed doba IKC<\/strong><\/h2>\n<h4>Platnost od 1. 9. 2019<\/h4>\n<table border=\"0\">\n<tbody>\n<tr>\n<td><strong>POND\u011aL\u00cd<\/strong><\/td>\n<td><strong>7,15 \u2013 8,30<\/strong><\/td>\n<td>&nbsp;<\/td>\n<td><strong>9,25 \u2013 9,55<\/strong><\/td>\n<\/tr>\n<tr>\n<td><strong>\u00daTER\u00dd<\/strong><\/td>\n<td><strong>7,15 \u2013 8,30<\/strong><\/td>\n<td>&nbsp;<\/td>\n<td><strong>9,25 \u2013 9,55<\/strong><\/td>\n<\/tr>\n<tr>\n<td><strong>ST\u0158EDA<\/strong><\/td>\n<td><strong>7,15 \u2013 8,30<\/strong><\/td>\n<td>&nbsp;<\/td>\n<td><strong>9,25 \u2013 9,55<\/strong><\/td>\n<\/tr>\n<tr>\n<td><strong>\u010cTVRTEK&nbsp;<\/strong><\/td>\n<td><strong>7,15 \u2013 8,30&nbsp;<\/strong><\/td>\n<td>&nbsp;<\/td>\n<td><strong>9,25 \u2013 9,55<\/strong><\/td>\n<\/tr>\n<tr>\n<td><strong>P\u00c1TEK<\/strong><\/td>\n<td><strong>7,00 \u2013 8,30&nbsp;<\/strong><\/td>\n<td>&nbsp;<\/td>\n<td><strong>9,25 \u2013 9,55<\/strong>&nbsp;&nbsp;&nbsp;<\/td>\n<\/tr>\n<\/tbody>\n<\/table>\n<div class=\"fcbkbttn_buttons_block\" id=\"fcbkbttn_left\"><div class=\"fcbkbttn_like \"><div class=\"fb-like fb-like-button_count\" data-href=\"https:\/\/www.zsben.cz\/wordpress\/?page_id=89743\" data-colorscheme=\"light\" data-layout=\"button_count\" data-action=\"like\"  data-size=\"small\"><\/div><\/div><div class=\"fb-share-button  \" data-href=\"https:\/\/www.zsben.cz\/wordpress\/?page_id=89743\" data-type=\"button_count\" data-size=\"small\"><\/div><\/div>","protected":false},"excerpt":{"rendered":"<p>Provozn\u00ed doba IKC Platnost od 1. 9. 2019 POND\u011aL\u00cd 7,15 \u2013 8,30 &nbsp; 9,25 \u2013 9,55 \u00daTER\u00dd 7,15 \u2013 8,30 &nbsp; 9,25 \u2013 9,55 ST\u0158EDA 7,15 \u2013 8,30 &nbsp; 9,25 \u2013 9,55 \u010cTVRTEK&nbsp; 7,15 \u2013 8,30&nbsp; &nbsp; 9,25 \u2013 9,55 P\u00c1TEK 7,00 \u2013 8,30&nbsp; &nbsp; 9,25 \u2013 9,55&nbsp;&nbsp;&nbsp;<\/p>\n","protected":false},"author":1,"featured_media":0,"parent":89729,"menu_order":0,"comment_status":"closed","ping_status":"closed","template":"ikc_custom.php","meta":{"ngg_post_thumbnail":0,"footnotes":""},"class_list":["post-89743","page","type-page","status-publish","hentry"],"_links":{"self":[{"href":"https:\/\/www.zsben.cz\/wordpress\/index.php?rest_route=\/wp\/v2\/pages\/89743","targetHints":{"allow":["GET"]}}],"collection":[{"href":"https:\/\/www.zsben.cz\/wordpress\/index.php?rest_route=\/wp\/v2\/pages"}],"about":[{"href":"https:\/\/www.zsben.cz\/wordpress\/index.php?rest_route=\/wp\/v2\/types\/page"}],"author":[{"embeddable":true,"href":"https:\/\/www.zsben.cz\/wordpress\/index.php?rest_route=\/wp\/v2\/users\/1"}],"replies":[{"embeddable":true,"href":"https:\/\/www.zsben.cz\/wordpress\/index.php?rest_route=%2Fwp%2Fv2%2Fcomments&post=89743"}],"version-history":[{"count":1,"href":"https:\/\/www.zsben.cz\/wordpress\/index.php?rest_route=\/wp\/v2\/pages\/89743\/revisions"}],"predecessor-version":[{"id":89744,"href":"https:\/\/www.zsben.cz\/wordpress\/index.php?rest_route=\/wp\/v2\/pages\/89743\/revisions\/89744"}],"up":[{"embeddable":true,"href":"https:\/\/www.zsben.cz\/wordpress\/index.php?rest_route=\/wp\/v2\/pages\/89729"}],"wp:attachment":[{"href":"https:\/\/www.zsben.cz\/wordpress\/index.php?rest_route=%2Fwp%2Fv2%2Fmedia&parent=89743"}],"curies":[{"name":"wp","href":"https:\/\/api.w.org\/{rel}","templated":true}]}}