{"id":89740,"date":"2022-02-04T13:32:54","date_gmt":"2022-02-04T12:32:54","guid":{"rendered":"https:\/\/www.zsben.cz\/wordpress\/?page_id=89740"},"modified":"2022-02-04T13:42:39","modified_gmt":"2022-02-04T12:42:39","slug":"provozni-rad-ikc","status":"publish","type":"page","link":"https:\/\/www.zsben.cz\/wordpress\/?page_id=89740","title":{"rendered":"Provozn\u00ed \u0159\u00e1d IKC"},"content":{"rendered":"<h3 style=\"text-align: center;\"><strong>Provozn\u00ed \u0159\u00e1d Informa\u010dn<\/strong><strong>\u00ed<\/strong><strong>ho a komunitn<\/strong><strong>\u00ed<\/strong><strong>ho centra<\/strong><\/h3>\n<h3 style=\"text-align: center;\"><strong>&nbsp;na Z\u0160 Bene<\/strong><strong>\u0161<\/strong><strong>ov, Dukelsk\u00e1 1818<\/strong><\/h3>\n<ol>\n<li>Informa\u010dn\u00ed a komunitn\u00ed centrum (IKC) je za\u0159\u00edzen\u00edm \u0161koly, kter\u00e9&nbsp;poskytuje<\/li>\n<\/ol>\n<ul>\n<li>&nbsp;prostor pro projektovou v\u00fduku \u017e\u00e1k\u016f, pro realizaci v\u00fduky \u017e\u00e1k\u016f<\/li>\n<li>&nbsp;v\u00fdchovn\u011b vzd\u011bl\u00e1vac\u00ed aktivity,<\/li>\n<li>&nbsp;k zap\u016fj\u010den\u00ed r\u016fznorod\u00e1 m\u00e9dia pro studijn\u00ed \u00fa\u010dely (CD ROM, internet, knihy, \u010dasopisy, VHS, CD do u\u010deben\/\u0160D \u0161koly)<\/li>\n<li>&nbsp;p\u016fj\u010den\u00ed vybran\u00fdch m\u00e9di\u00ed (v\u010detn\u011b beletrie pro dom\u00e1c\u00ed pou\u017eit\u00ed)<\/li>\n<li>&nbsp;multimedi\u00e1ln\u00ed projekci pro t\u0159\u00eddy (max. 30 \u017e\u00e1k\u016f)<\/li>\n<li>&nbsp;\u017e\u00e1k\u016fm jednak prostor pro jejich p\u0159\u00edpravu na vyu\u010dov\u00e1n\u00ed i na smyslupln\u011b tr\u00e1ven\u00ed voln\u00e9ho \u010dasu<\/li>\n<li>&nbsp;m\u00edsto pro realizaci kurz\u016f, besed a p\u0159edn\u00e1\u0161ek<\/li>\n<\/ul>\n<ol start=\"3\">\n<li>U\u017eivatelem slu\u017eeb IKC jsou \u017e\u00e1ci a zam\u011bstnanci \u0161koly. IKC pro svou \u010dinnost&nbsp;&nbsp;p\u0159eb\u00edr\u00e1 \u00fadaje ze \u0161koln\u00ed matriky. \u017d\u00e1k p\u0159edkl\u00e1d\u00e1 p\u0159i vstupu do IKC z\u00e1znamn\u00edk nebo \u017e\u00e1kovsk\u00fd pr\u016fkaz (\u017e\u00e1k 1. a 2. ro\u010d. \u2013 z\u00e1znamn\u00edk, ostatn\u00ed \u017e\u00e1ci \u017e\u00e1kovsk\u00fd pr\u016fkaz).<\/li>\n<li>Z\u00e1kladn\u00ed povinnosti u\u017eivatele IKC \u2013 \u017e\u00e1ci : Vstup je mo\u017en\u00fd pouze po p\u0159ezut\u00ed a odlo\u017een\u00ed \u0161koln\u00edch ta\u0161ek do sk\u0159\u00ed\u0148ky na chodb\u011b. Po p\u0159\u00edchodu nutno odevzdat z\u00e1znamn\u00edk \u010di \u017e\u00e1kovsk\u00fd pr\u016fkaz na v\u00fdp\u016fj\u010dn\u00ed pult. Do prostoru IKC je mo\u017en\u00e9 vz\u00edt s&nbsp;sebou pouze psac\u00ed pot\u0159eby a v\u011bci nezbytn\u00e9 ke studiu. U\u017eivatel\u00e9 v&nbsp;prostoru IKC nej\u00ed a nepij\u00ed. V&nbsp;ostatn\u00edm plat\u00ed \u0161koln\u00ed \u0159\u00e1d. U\u017eivatel\u00e9 jsou povinni dodr\u017eovat pokyny person\u00e1lu IKC, tento pracovn\u00edk m\u00e1 pr\u00e1vo dle sv\u00e9ho uv\u00e1\u017een\u00ed omezit po\u010det p\u0159\u00edtomn\u00fdch u\u017eivatel\u016f a m\u016f\u017ee vylou\u010dit u\u017eivatele za nek\u00e1ze\u0148.<\/li>\n<li>D\u00e1le jsou u\u017eivatel\u00e9 IKC povinni:<\/li>\n<\/ol>\n<ul>\n<li>&nbsp;ukl\u00e1dat zap\u016fj\u010den\u00e9 v\u011bci zp\u011bt na sv\u00e9 m\u00edsto,<\/li>\n<li>&nbsp;ihned ohl\u00e1sit zji\u0161t\u011bnou z\u00e1vadu<\/li>\n<li>&nbsp;chovat se tak, aby svou \u010dinnost\u00ed neru\u0161ili ostatn\u00ed<\/li>\n<li>Provoz s\u00edt\u011b IKC m\u016f\u017ee b\u00fdt omezen nebo p\u0159eru\u0161en z&nbsp;d\u016fvodu nezbytn\u00e9 technick\u00e9 a softwarov\u00e9 \u00fadr\u017eby s\u00edt\u011b, p\u0159\u00edpadn\u011b z&nbsp;jin\u00fdch d\u016fvod\u016f.<\/li>\n<\/ul>\n<ol start=\"4\">\n<li>Slu\u017eby jsou poskytov\u00e1ny bezplatn\u011b.<\/li>\n<li>M\u00e9dia, kter\u00e1 jsou zap\u016fj\u010dena k&nbsp;dom\u00e1c\u00edmu pou\u017eit\u00ed, maj\u00ed nejdel\u0161\u00ed dobu v\u00fdp\u016fj\u010dky takto:<\/li>\n<\/ol>\n<ul>\n<li>&nbsp;knihy se vrac\u00ed do 4 t\u00fddn\u016f (krom\u011b encyklopedi\u00ed, slovn\u00edk\u016f, TOP \u2013 ty se p\u016fj\u010duj\u00ed jen pro studium v IKC)<\/li>\n<li>&nbsp;\u010dasopisy se zap\u016fj\u010duj\u00ed v prostoru IKC<\/li>\n<li>&nbsp;dal\u0161\u00ed m\u00e9dia se zap\u016fj\u010duj\u00ed pouze v prostoru IKC<\/li>\n<\/ul>\n<ol start=\"6\">\n<li>Za opo\u017ed\u011bn\u00e9 vr\u00e1cen\u00ed knihy se \u00fa\u010dtuje 5 K\u010d za ka\u017ed\u00fd zapo\u010dat\u00fd t\u00fdden od posledn\u00edho dne vr\u00e1cen\u00ed. Tato \u010d\u00e1stka nezahrnuje po\u0161tovn\u00ed n\u00e1klady spojen\u00e9 s&nbsp;vym\u00e1h\u00e1n\u00edm, kter\u00e9 jdou pln\u011b na vrub u\u017eivatele, respektive jeho z\u00e1konn\u00fdch z\u00e1stupc\u016f.<\/li>\n<li>Pokud dojde k&nbsp;po\u0161kozen\u00ed, ztr\u00e1t\u011b knihy je u\u017eivatel povinen takovou \u0161kodu nahradit, a to n\u00e1hradou dan\u00e9 publikace. Pokud nelze danou publikaci zajistit, u\u017eivatel je povinen zaplatit finan\u010dn\u00ed od\u0161kodn\u011bn\u00ed odpov\u00eddaj\u00edc\u00ed cen\u011b po\u0161kozen\u00e9ho\/ztracen\u00e9ho dokumentu, a to ve v\u00fd\u0161i ceny obvykl\u00e9 v&nbsp;m\u00edst\u011b po\u0159\u00edzen\u00ed publikace.<\/li>\n<li>U\u017eivatel je opr\u00e1vn\u011bn po zaregistrov\u00e1n\u00ed vyu\u017e\u00edvat v&nbsp;r\u00e1mci IKC&nbsp;&nbsp;i v\u00fdpo\u010detn\u00ed techniku, kter\u00e1 je mu v&nbsp;IKC k&nbsp;dispozici. V&nbsp;takov\u00e9m p\u0159\u00edpad\u011b je povinen \u0159\u00eddit se ustanoven\u00edm \u0161koln\u00edho \u0159\u00e1du a d\u00e1le pak t\u011bmito pokyny: K&nbsp;p\u0159ihl\u00e1\u0161en\u00ed do po\u010d\u00edta\u010dov\u00e9 s\u00edt\u011b \u0161koly pou\u017e\u00edv\u00e1 u\u017eivatelsk\u00fd \u00fa\u010det p\u0159id\u011blen\u00fd mu spr\u00e1vcem s\u00edt\u011b. U\u017eivatel nesm\u00ed pou\u017e\u00edvat v\u00fdpo\u010detn\u00ed techniku k&nbsp;jin\u00fdm \u00fa\u010del\u016fm ne\u017e k&nbsp;vyu\u017eit\u00ed slu\u017eeb poskytovan\u00fdch IKC.<\/li>\n<li>U\u017eivatel je opr\u00e1vn\u011bn pou\u017e\u00edvat v&nbsp;knihovn\u011b pouze programov\u00e9 vybaven\u00ed, kter\u00e9 je mu v&nbsp;nab\u00eddce poskytnuto. Je zak\u00e1z\u00e1no kop\u00edrovat a distribuovat \u010d\u00e1sti opera\u010dn\u00edho syst\u00e9mu knihovny a nainstalovan\u00fdch aplikac\u00ed a program\u016f v&nbsp;knihovn\u011b. \u017d\u00e1k\u016fm je zak\u00e1z\u00e1no instalovat jak\u00fdkoli software, jeho\u017e pou\u017e\u00edv\u00e1n\u00ed by poru\u0161ovalo autorsk\u00fd z\u00e1kon.<\/li>\n<li>U\u017eivatel nesm\u00ed v\u00fdpo\u010detn\u00ed techniku \u0161koly pou\u017e\u00edt zp\u016fsobem, kter\u00fd by omezoval osobn\u00ed pr\u00e1va ostatn\u00edch u\u017eivatel\u016f. Pokud u\u017eivatel z\u00edsk\u00e1 jemu nep\u0159\u00edslu\u0161ej\u00edc\u00ed p\u0159\u00edstupov\u00e1 pr\u00e1va jak\u00fdmkoli zp\u016fsobem (v\u010detn\u011b hardwarov\u00e9 nebo softwarov\u00e9 chyby syst\u00e9mu), je povinen tuto skute\u010dnost neprodlen\u011b ohl\u00e1sit zam\u011bstnanci IKC.<\/li>\n<li>U\u017eivatel nesm\u00ed v\u011bdom\u011b naru\u0161ovat pr\u00e1ci ostatn\u00edch u\u017eivatel\u016f po\u010d\u00edta\u010dov\u00e9 s\u00edt\u011b ani chod a v\u00fdkonnost s\u00edt\u011b jako celku nap\u0159. nadm\u011brn\u00fdm p\u0159et\u011b\u017eov\u00e1n\u00edm zdroj\u016f s\u00edt\u011b, ani pou\u017e\u00edvat s\u00ed\u0165 k&nbsp;neopr\u00e1vn\u011bn\u00fdm p\u0159\u00edstup\u016fm do jin\u00fdch po\u010d\u00edta\u010d\u016f nebo do jin\u00fdch s\u00edt\u00ed. U\u017eivatel nesm\u00ed pou\u017e\u00edt IT&nbsp;&nbsp;\u0161koly k \u0161\u00ed\u0159en\u00ed po\u010d\u00edta\u010dov\u00fdch vir\u016f, spywaru, malwaru a dal\u0161\u00edho elektronick\u00e9ho obsahu poru\u0161uj\u00edc\u00ed z\u00e1kony \u010cR. U\u017eivatel nese plnou odpov\u011bdnost za sv\u00e9 p\u0159\u00edpadn\u00e9 neopr\u00e1vn\u011bn\u00e9&nbsp;&nbsp;z\u00e1sahy do konfigurace po\u010d\u00edta\u010de, kter\u00e9 by jak\u00fdmkoliv zp\u016fsobem mohly m\u00fdt vliv na provoz po\u010d\u00edta\u010de nebo s\u00edt\u011b; d\u00e1le je pln\u011b odpov\u011bdn\u00fd za \u0161kody vznikl\u00e9 jeho neodbornou manipulac\u00ed s&nbsp;prost\u0159edky v\u00fdpo\u010detn\u00ed techniky v\u010detn\u011b \u0161kod zp\u016fsoben\u00fdch j\u00edm zanesen\u00fdmi po\u010d\u00edta\u010dov\u00fdmi viry.<\/li>\n<li>Provoz s\u00edt\u011b IKC m\u016f\u017ee b\u00fdt omezen nebo p\u0159eru\u0161en z&nbsp;d\u016fvodu nezbytn\u00e9 technick\u00e9 a softwarov\u00e9 \u00fadr\u017eby s\u00edt\u011b, p\u0159\u00edpadn\u011b z&nbsp;jin\u00fdch d\u016fvod\u016f. Z\u00edskan\u00e9 informace a data (v jak\u00e9koliv form\u011b, na jak\u00e9mkoliv m\u00e9diu) slou\u017e\u00ed v\u00fdhradn\u011b k&nbsp;osobn\u00ed pot\u0159eb\u011b u\u017eivatele a k&nbsp;jeho studijn\u00edm \u00fa\u010del\u016fm. Nen\u00ed povoleno je jak\u00fdmkoliv zp\u016fsobem d\u00e1le roz\u0161i\u0159ovat, rozmno\u017eovat, kop\u00edrovat, p\u016fj\u010dovat, sd\u00edlet, distribuovat (ani v&nbsp;po\u010d\u00edta\u010dov\u00e9 s\u00edti), prod\u00e1vat nebo jinak vyu\u017e\u00edvat zejm\u00e9na ke komer\u010dn\u00edm \u00fa\u010del\u016fm.<\/li>\n<\/ol>\n<p>Platnost \u201eProvozn\u00edho \u0159\u00e1du IKC\u201c : 1. z\u00e1\u0159\u00ed 2009<\/p>\n<p>&nbsp;<\/p>\n<p>V&nbsp;Bene\u0161ov\u011b dne 31. 8. 2009&nbsp;&nbsp;&nbsp;&nbsp;&nbsp;&nbsp;&nbsp;&nbsp;&nbsp;&nbsp;&nbsp;&nbsp;&nbsp;&nbsp;&nbsp;&nbsp;&nbsp;&nbsp;&nbsp;&nbsp;&nbsp;&nbsp;&nbsp;&nbsp;&nbsp;&nbsp;&nbsp;&nbsp;&nbsp;&nbsp;&nbsp;&nbsp;&nbsp;&nbsp;&nbsp;&nbsp;&nbsp;&nbsp;&nbsp;&nbsp;&nbsp;&nbsp;&nbsp;&nbsp;PaedDr. Hana Proch\u00e1zkov\u00e1<\/p>\n<div class=\"fcbkbttn_buttons_block\" id=\"fcbkbttn_left\"><div class=\"fcbkbttn_like \"><div class=\"fb-like fb-like-button_count\" data-href=\"https:\/\/www.zsben.cz\/wordpress\/?page_id=89740\" data-colorscheme=\"light\" data-layout=\"button_count\" data-action=\"like\"  data-size=\"small\"><\/div><\/div><div class=\"fb-share-button  \" data-href=\"https:\/\/www.zsben.cz\/wordpress\/?page_id=89740\" data-type=\"button_count\" data-size=\"small\"><\/div><\/div>","protected":false},"excerpt":{"rendered":"<p>Provozn\u00ed \u0159\u00e1d Informa\u010dn\u00edho a komunitn\u00edho centra &nbsp;na Z\u0160 Bene\u0161ov, Dukelsk\u00e1 1818 Informa\u010dn\u00ed a komunitn\u00ed centrum (IKC) je za\u0159\u00edzen\u00edm \u0161koly, kter\u00e9&nbsp;poskytuje &nbsp;prostor pro projektovou v\u00fduku \u017e\u00e1k\u016f, pro realizaci v\u00fduky \u017e\u00e1k\u016f &nbsp;v\u00fdchovn\u011b vzd\u011bl\u00e1vac\u00ed aktivity, &nbsp;k zap\u016fj\u010den\u00ed r\u016fznorod\u00e1 m\u00e9dia pro studijn\u00ed \u00fa\u010dely (CD ROM, internet, knihy, \u010dasopisy, VHS, CD do u\u010deben\/\u0160D \u0161koly) &nbsp;p\u016fj\u010den\u00ed vybran\u00fdch m\u00e9di\u00ed (v\u010detn\u011b beletrie pro [&hellip;]<\/p>\n","protected":false},"author":1,"featured_media":0,"parent":89729,"menu_order":0,"comment_status":"closed","ping_status":"closed","template":"ikc_custom.php","meta":{"ngg_post_thumbnail":0,"footnotes":""},"class_list":["post-89740","page","type-page","status-publish","hentry"],"_links":{"self":[{"href":"https:\/\/www.zsben.cz\/wordpress\/index.php?rest_route=\/wp\/v2\/pages\/89740","targetHints":{"allow":["GET"]}}],"collection":[{"href":"https:\/\/www.zsben.cz\/wordpress\/index.php?rest_route=\/wp\/v2\/pages"}],"about":[{"href":"https:\/\/www.zsben.cz\/wordpress\/index.php?rest_route=\/wp\/v2\/types\/page"}],"author":[{"embeddable":true,"href":"https:\/\/www.zsben.cz\/wordpress\/index.php?rest_route=\/wp\/v2\/users\/1"}],"replies":[{"embeddable":true,"href":"https:\/\/www.zsben.cz\/wordpress\/index.php?rest_route=%2Fwp%2Fv2%2Fcomments&post=89740"}],"version-history":[{"count":1,"href":"https:\/\/www.zsben.cz\/wordpress\/index.php?rest_route=\/wp\/v2\/pages\/89740\/revisions"}],"predecessor-version":[{"id":89741,"href":"https:\/\/www.zsben.cz\/wordpress\/index.php?rest_route=\/wp\/v2\/pages\/89740\/revisions\/89741"}],"up":[{"embeddable":true,"href":"https:\/\/www.zsben.cz\/wordpress\/index.php?rest_route=\/wp\/v2\/pages\/89729"}],"wp:attachment":[{"href":"https:\/\/www.zsben.cz\/wordpress\/index.php?rest_route=%2Fwp%2Fv2%2Fmedia&parent=89740"}],"curies":[{"name":"wp","href":"https:\/\/api.w.org\/{rel}","templated":true}]}}