{"id":89735,"date":"2022-02-04T13:29:55","date_gmt":"2022-02-04T12:29:55","guid":{"rendered":"https:\/\/www.zsben.cz\/wordpress\/?page_id=89735"},"modified":"2022-02-04T13:29:55","modified_gmt":"2022-02-04T12:29:55","slug":"co-je-ikc","status":"publish","type":"page","link":"https:\/\/www.zsben.cz\/wordpress\/?page_id=89735","title":{"rendered":"Co je IKC"},"content":{"rendered":"<h3>IKC<\/h3>\n<ul>\n<li>je modern\u00ed \u0161koln\u00ed knihovna ur\u010dena \u017e\u00e1k\u016fm i u\u010ditel\u016fm<\/li>\n<li>je nov\u00e1 multimedi\u00e1ln\u00ed u\u010debna pro modern\u00ed v\u00fduku<\/li>\n<li>je p\u0159irozen\u00fdm informa\u010dn\u00edm centrem \u0161koly<\/li>\n<li>je k dispozici \u017e\u00e1k\u016fm i u\u010ditel\u016fm 1. a 2. stupn\u011b na\u0161\u00ed \u0161koly<\/li>\n<li>je m\u00edstnost p\u0159\u00edmo otev\u0159en\u00e1 pro projektov\u00e9, skupinov\u00e9, probl\u00e9mov\u00e9, interaktivn\u00ed a dal\u0161\u00ed formy v\u00fduky<\/li>\n<li>je ur\u010deno v odpoledn\u00edch hodin\u00e1ch k&nbsp;vyu\u017eit\u00ed voln\u00e9ho \u010dasu pro&nbsp;p\u0159\u00edpravu na v\u00fduku (knihovna, studovna, voln\u00fd internet, mediat\u00e9ka, odborn\u00e1 pomoc knihovn\u00edka, \u2026)<\/li>\n<li>je ve spolupr\u00e1ci s pedagogy a extern\u00edmi spolupracovn\u00edky organiz\u00e1torem dal\u0161\u00edch v\u00fdukov\u00fdch aktivit pro \u017e\u00e1ky v r\u00e1mci v\u00fduky<\/li>\n<li>je pomocn\u00edkem vyu\u010duj\u00edc\u00edm s p\u0159\u00edpravou modern\u00edch forem v\u00fduky<\/li>\n<li>je m\u00edstnost s interaktivn\u00ed tabul\u00ed, po\u010d\u00edta\u010di s internetem, vizualiz\u00e9rem, s multimedi\u00e1ln\u00edm koutkem,<\/li>\n<\/ul>\n<div class=\"fcbkbttn_buttons_block\" id=\"fcbkbttn_left\"><div class=\"fcbkbttn_like \"><div class=\"fb-like fb-like-button_count\" data-href=\"https:\/\/www.zsben.cz\/wordpress\/?page_id=89735\" data-colorscheme=\"light\" data-layout=\"button_count\" data-action=\"like\"  data-size=\"small\"><\/div><\/div><div class=\"fb-share-button  \" data-href=\"https:\/\/www.zsben.cz\/wordpress\/?page_id=89735\" data-type=\"button_count\" data-size=\"small\"><\/div><\/div>","protected":false},"excerpt":{"rendered":"<p>IKC je modern\u00ed \u0161koln\u00ed knihovna ur\u010dena \u017e\u00e1k\u016fm i u\u010ditel\u016fm je nov\u00e1 multimedi\u00e1ln\u00ed u\u010debna pro modern\u00ed v\u00fduku je p\u0159irozen\u00fdm informa\u010dn\u00edm centrem \u0161koly je k dispozici \u017e\u00e1k\u016fm i u\u010ditel\u016fm 1. a 2. stupn\u011b na\u0161\u00ed \u0161koly je m\u00edstnost p\u0159\u00edmo otev\u0159en\u00e1 pro projektov\u00e9, skupinov\u00e9, probl\u00e9mov\u00e9, interaktivn\u00ed a dal\u0161\u00ed formy v\u00fduky je ur\u010deno v odpoledn\u00edch hodin\u00e1ch k&nbsp;vyu\u017eit\u00ed voln\u00e9ho \u010dasu pro&nbsp;p\u0159\u00edpravu [&hellip;]<\/p>\n","protected":false},"author":1,"featured_media":0,"parent":89729,"menu_order":0,"comment_status":"closed","ping_status":"closed","template":"ikc_custom.php","meta":{"ngg_post_thumbnail":0,"footnotes":""},"class_list":["post-89735","page","type-page","status-publish","hentry"],"_links":{"self":[{"href":"https:\/\/www.zsben.cz\/wordpress\/index.php?rest_route=\/wp\/v2\/pages\/89735","targetHints":{"allow":["GET"]}}],"collection":[{"href":"https:\/\/www.zsben.cz\/wordpress\/index.php?rest_route=\/wp\/v2\/pages"}],"about":[{"href":"https:\/\/www.zsben.cz\/wordpress\/index.php?rest_route=\/wp\/v2\/types\/page"}],"author":[{"embeddable":true,"href":"https:\/\/www.zsben.cz\/wordpress\/index.php?rest_route=\/wp\/v2\/users\/1"}],"replies":[{"embeddable":true,"href":"https:\/\/www.zsben.cz\/wordpress\/index.php?rest_route=%2Fwp%2Fv2%2Fcomments&post=89735"}],"version-history":[{"count":2,"href":"https:\/\/www.zsben.cz\/wordpress\/index.php?rest_route=\/wp\/v2\/pages\/89735\/revisions"}],"predecessor-version":[{"id":89737,"href":"https:\/\/www.zsben.cz\/wordpress\/index.php?rest_route=\/wp\/v2\/pages\/89735\/revisions\/89737"}],"up":[{"embeddable":true,"href":"https:\/\/www.zsben.cz\/wordpress\/index.php?rest_route=\/wp\/v2\/pages\/89729"}],"wp:attachment":[{"href":"https:\/\/www.zsben.cz\/wordpress\/index.php?rest_route=%2Fwp%2Fv2%2Fmedia&parent=89735"}],"curies":[{"name":"wp","href":"https:\/\/api.w.org\/{rel}","templated":true}]}}