{"id":48318,"date":"2017-01-08T22:45:05","date_gmt":"2017-01-08T21:45:05","guid":{"rendered":"http:\/\/www.zsben.cz\/wordpress\/?page_id=48318"},"modified":"2021-10-11T09:07:31","modified_gmt":"2021-10-11T07:07:31","slug":"skolska-rada","status":"publish","type":"page","link":"https:\/\/www.zsben.cz\/wordpress\/?page_id=48318","title":{"rendered":"\u0160kolsk\u00e1 rada"},"content":{"rendered":"<h1 style=\"text-align: center;\">\u0160kolsk\u00e1 rada<\/h1>\n<table class=\"table table-bordered\">\n<tbody>\n<tr>\n<td>p\u0159edseda<\/td>\n<td>Mgr. Lenka K\u0159\u00ed\u017eov\u00e1<\/td>\n<td style=\"vertical-align: middle;\" rowspan=\"2\">za z\u00e1konn\u00e9 z\u00e1stupce \u017e\u00e1k\u016f<\/td>\n<\/tr>\n<tr>\n<td style=\"vertical-align: middle;\" rowspan=\"5\">\u010dlenov\u00e9<\/td>\n<td>Ing. Veronika Mackov\u00e1<\/td>\n<\/tr>\n<tr>\n<td>Mgr. Jana \u010cechov\u00e1<\/td>\n<td style=\"vertical-align: middle;\" rowspan=\"2\">za z\u0159izovatele<\/td>\n<\/tr>\n<tr>\n<td>Mgr. Lada Pavl\u00ed\u010dkov\u00e1<\/td>\n<\/tr>\n<tr>\n<td>Mgr. V\u011bra Brabcov\u00e1<\/td>\n<td style=\"vertical-align: middle;\" rowspan=\"2\">za \u0161kolu<\/td>\n<\/tr>\n<tr>\n<td>Ing. Dana Pitelkov\u00e1<\/td>\n<\/tr>\n<\/tbody>\n<\/table>\n<div class=\"fcbkbttn_buttons_block\" id=\"fcbkbttn_left\"><div class=\"fcbkbttn_like \"><div class=\"fb-like fb-like-button_count\" data-href=\"https:\/\/www.zsben.cz\/wordpress\/?page_id=48318\" data-colorscheme=\"light\" data-layout=\"button_count\" data-action=\"like\"  data-size=\"small\"><\/div><\/div><div class=\"fb-share-button  \" data-href=\"https:\/\/www.zsben.cz\/wordpress\/?page_id=48318\" data-type=\"button_count\" data-size=\"small\"><\/div><\/div>","protected":false},"excerpt":{"rendered":"<p>\u0160kolsk\u00e1 rada p\u0159edseda Mgr. Lenka K\u0159\u00ed\u017eov\u00e1 za z\u00e1konn\u00e9 z\u00e1stupce \u017e\u00e1k\u016f \u010dlenov\u00e9 Ing. Veronika Mackov\u00e1 Mgr. Jana \u010cechov\u00e1 za z\u0159izovatele Mgr. Lada Pavl\u00ed\u010dkov\u00e1 Mgr. V\u011bra Brabcov\u00e1 za \u0161kolu Ing. Dana Pitelkov\u00e1<\/p>\n","protected":false},"author":1,"featured_media":0,"parent":0,"menu_order":0,"comment_status":"closed","ping_status":"closed","template":"","meta":{"ngg_post_thumbnail":0,"footnotes":""},"class_list":["post-48318","page","type-page","status-publish","hentry"],"_links":{"self":[{"href":"https:\/\/www.zsben.cz\/wordpress\/index.php?rest_route=\/wp\/v2\/pages\/48318","targetHints":{"allow":["GET"]}}],"collection":[{"href":"https:\/\/www.zsben.cz\/wordpress\/index.php?rest_route=\/wp\/v2\/pages"}],"about":[{"href":"https:\/\/www.zsben.cz\/wordpress\/index.php?rest_route=\/wp\/v2\/types\/page"}],"author":[{"embeddable":true,"href":"https:\/\/www.zsben.cz\/wordpress\/index.php?rest_route=\/wp\/v2\/users\/1"}],"replies":[{"embeddable":true,"href":"https:\/\/www.zsben.cz\/wordpress\/index.php?rest_route=%2Fwp%2Fv2%2Fcomments&post=48318"}],"version-history":[{"count":11,"href":"https:\/\/www.zsben.cz\/wordpress\/index.php?rest_route=\/wp\/v2\/pages\/48318\/revisions"}],"predecessor-version":[{"id":87711,"href":"https:\/\/www.zsben.cz\/wordpress\/index.php?rest_route=\/wp\/v2\/pages\/48318\/revisions\/87711"}],"wp:attachment":[{"href":"https:\/\/www.zsben.cz\/wordpress\/index.php?rest_route=%2Fwp%2Fv2%2Fmedia&parent=48318"}],"curies":[{"name":"wp","href":"https:\/\/api.w.org\/{rel}","templated":true}]}}