{"id":48055,"date":"2017-01-04T21:24:21","date_gmt":"2017-01-04T20:24:21","guid":{"rendered":"http:\/\/www.zsben.cz\/wordpress\/?page_id=48055"},"modified":"2026-01-12T12:21:02","modified_gmt":"2026-01-12T11:21:02","slug":"formulare","status":"publish","type":"page","link":"https:\/\/www.zsben.cz\/wordpress\/?page_id=48055","title":{"rendered":"Formul\u00e1\u0159e"},"content":{"rendered":"<h2 style=\"text-align: center;\">Formul\u00e1\u0159e<\/h2>\n<ul class=\"list-group no-left-margin\">\n<li style=\"list-style-type: none;\">\n<ul class=\"list-group no-left-margin\">\n<li style=\"list-style-type: none;\">\n<ul class=\"list-group no-left-margin\">\n<li class=\"list-group-item\"><a href=\"https:\/\/forms.office.com\/r\/e0auYvWH2i\">P\u0159ihl\u00e1\u0161ka na krou\u017eek<\/a><\/li>\n<li class=\"list-group-item\"><a href=\"..\/dokumenty\/prihlaska_rvtv.pdf\" target=\"_blank\" rel=\"noopener noreferrer\">P\u0159ihl\u00e1\u0161ka do t\u0159\u00eddy s roz\u0161\u00ed\u0159enou v\u00fdukou Tv<\/a><\/li>\n<li class=\"list-group-item\"><a href=\"..\/dokumenty\/zadost_uvolneni.doc\" target=\"_blank\" rel=\"noopener noreferrer\">\u017d\u00e1dost o uvoln\u011bn\u00ed z v\u00fduky<\/a><\/li>\n<li class=\"list-group-item\"><a href=\"..\/dokumenty\/zadost_e-zakajda.docx\" target=\"_blank\" rel=\"noopener noreferrer\">\u017d\u00e1dost o vyd\u00e1n\u00ed p\u0159\u00edst. \u00fadaj\u016f do el. \u017e\u00e1kovsk\u00e9 kn\u00ed\u017eky<\/a><\/li>\n<li class=\"list-group-item\"><a href=\"..\/dokumenty\/uvolneni-tv.doc\" target=\"_blank\" rel=\"noopener noreferrer\">\u017d\u00e1dost o uvoln\u011bn\u00ed z v\u00fduky t\u011blesn\u00e9 v\u00fdchovy<\/a><\/li>\n<li class=\"list-group-item\"><a href=\"..\/dokumenty\/zadost-volit.doc\" target=\"_blank\" rel=\"noopener noreferrer\">\u017d\u00e1dost o zm\u011bnu voliteln\u00e9ho p\u0159edm\u011btu<\/a><\/li>\n<li class=\"list-group-item\"><a href=\"..\/dokumenty\/zadost-nepov.doc\">\u017d\u00e1dost o odhl\u00e1\u0161en\u00ed z nepovinn\u00e9ho p\u0159edm\u011btu<\/a><\/li>\n<li class=\"list-group-item\"><a href=\"..\/dokumenty\/zadost_vysvedceni.doc\">\u017d\u00e1dost o vyd\u00e1n\u00ed kopie vysv\u011bd\u010den\u00ed<\/a><\/li>\n<li class=\"list-group-item\"><a href=\"..\/dokumenty\/zadost_pokracovani_ZS.doc\" target=\"_blank\" rel=\"noopener noreferrer\">\u017d\u00e1dost o povolen\u00ed pokra\u010dov\u00e1n\u00ed v z\u00e1kladn\u00edm vzd\u011bl\u00e1v\u00e1n\u00ed<\/a><\/li>\n<li class=\"list-group-item\"><a href=\"..\/dokumenty\/zadost_prestup.doc\" target=\"_blank\" rel=\"noopener noreferrer\">\u017d\u00e1dost o p\u0159estup na na\u0161i \u0161kolu<\/a><\/li>\n<li class=\"list-group-item\"><a href=\"..\\dokumenty\\krouzek-vraceni.pdf\" target=\"_blank\" rel=\"noopener noreferrer\">\u017d\u00e1dost o vr\u00e1cen\u00ed poplatku (nebo jeho \u010d\u00e1sti) za z\u00e1jmov\u00fd krou\u017eek<\/a><\/li>\n<li class=\"list-group-item\"><a href=\"..\\dokumenty\\posudek_o_zdravotni_zpusobilosti_ditete.pdf\" target=\"_blank\" rel=\"noopener noreferrer\">Posudek o zdravotn\u00ed zp\u016fsobilosti d\u00edt\u011bte<\/a><\/li>\n<li class=\"list-group-item\"><a href=\"..\/dokumenty\/prihlaska_do_SD.pdf\">P\u0159ihl\u00e1\u0161ka do \u0161koln\u00ed dru\u017einy<\/a><\/li>\n<li class=\"list-group-item\"><a href=\"https:\/\/www.zsben.cz\/wordpress\/wp-content\/uploads\/2026\/01\/Potvrzeni-o-reprezentaci.docx\">Potvrzen\u00ed o reprezentaci \u0161koly (p\u0159\u00edloha k p\u0159ihl\u00e1\u0161k\u00e1m na S\u0160)<\/a><\/li>\n<\/ul>\n<\/li>\n<\/ul>\n<\/li>\n<\/ul>\n<div class=\"ddict_btn\" style=\"top: 384px; left: 322.781px;\">&nbsp;<\/div>\n<div class=\"fcbkbttn_buttons_block\" id=\"fcbkbttn_left\"><div class=\"fcbkbttn_like \"><div class=\"fb-like fb-like-button_count\" data-href=\"https:\/\/www.zsben.cz\/wordpress\/?page_id=48055\" data-colorscheme=\"light\" data-layout=\"button_count\" data-action=\"like\"  data-size=\"small\"><\/div><\/div><div class=\"fb-share-button  \" data-href=\"https:\/\/www.zsben.cz\/wordpress\/?page_id=48055\" data-type=\"button_count\" data-size=\"small\"><\/div><\/div>","protected":false},"excerpt":{"rendered":"<p>Formul\u00e1\u0159e P\u0159ihl\u00e1\u0161ka na krou\u017eek P\u0159ihl\u00e1\u0161ka do t\u0159\u00eddy s roz\u0161\u00ed\u0159enou v\u00fdukou Tv \u017d\u00e1dost o uvoln\u011bn\u00ed z v\u00fduky \u017d\u00e1dost o vyd\u00e1n\u00ed p\u0159\u00edst. \u00fadaj\u016f do el. \u017e\u00e1kovsk\u00e9 kn\u00ed\u017eky \u017d\u00e1dost o uvoln\u011bn\u00ed z v\u00fduky t\u011blesn\u00e9 v\u00fdchovy \u017d\u00e1dost o zm\u011bnu voliteln\u00e9ho p\u0159edm\u011btu \u017d\u00e1dost o odhl\u00e1\u0161en\u00ed z nepovinn\u00e9ho p\u0159edm\u011btu \u017d\u00e1dost o vyd\u00e1n\u00ed kopie vysv\u011bd\u010den\u00ed \u017d\u00e1dost o povolen\u00ed pokra\u010dov\u00e1n\u00ed v z\u00e1kladn\u00edm vzd\u011bl\u00e1v\u00e1n\u00ed [&hellip;]<\/p>\n","protected":false},"author":1,"featured_media":0,"parent":0,"menu_order":0,"comment_status":"closed","ping_status":"closed","template":"","meta":{"ngg_post_thumbnail":0,"footnotes":""},"class_list":["post-48055","page","type-page","status-publish","hentry"],"_links":{"self":[{"href":"https:\/\/www.zsben.cz\/wordpress\/index.php?rest_route=\/wp\/v2\/pages\/48055","targetHints":{"allow":["GET"]}}],"collection":[{"href":"https:\/\/www.zsben.cz\/wordpress\/index.php?rest_route=\/wp\/v2\/pages"}],"about":[{"href":"https:\/\/www.zsben.cz\/wordpress\/index.php?rest_route=\/wp\/v2\/types\/page"}],"author":[{"embeddable":true,"href":"https:\/\/www.zsben.cz\/wordpress\/index.php?rest_route=\/wp\/v2\/users\/1"}],"replies":[{"embeddable":true,"href":"https:\/\/www.zsben.cz\/wordpress\/index.php?rest_route=%2Fwp%2Fv2%2Fcomments&post=48055"}],"version-history":[{"count":29,"href":"https:\/\/www.zsben.cz\/wordpress\/index.php?rest_route=\/wp\/v2\/pages\/48055\/revisions"}],"predecessor-version":[{"id":133586,"href":"https:\/\/www.zsben.cz\/wordpress\/index.php?rest_route=\/wp\/v2\/pages\/48055\/revisions\/133586"}],"wp:attachment":[{"href":"https:\/\/www.zsben.cz\/wordpress\/index.php?rest_route=%2Fwp%2Fv2%2Fmedia&parent=48055"}],"curies":[{"name":"wp","href":"https:\/\/api.w.org\/{rel}","templated":true}]}}