{"id":48049,"date":"2017-01-04T21:23:59","date_gmt":"2017-01-04T20:23:59","guid":{"rendered":"http:\/\/www.zsben.cz\/wordpress\/?page_id=48049"},"modified":"2021-10-11T09:08:44","modified_gmt":"2021-10-11T07:08:44","slug":"o-skole","status":"publish","type":"page","link":"https:\/\/www.zsben.cz\/wordpress\/?page_id=48049","title":{"rendered":"Historie \u0161koly"},"content":{"rendered":"<h1 style=\"text-align: center;\">Charakteristika \u0161koly<\/h1>\n<h3>Z historie \u0161koly<\/h3>\n<p>Jedn\u00e1 se o \u0161kolu pavil\u00f3nov\u00e9ho typu, kter\u00e1 byla slavnostn\u011b otev\u0159ena v&nbsp;roce 1982.<\/p>\n<p><img loading=\"lazy\" decoding=\"async\" class=\"size-full wp-image-48279 aligncenter\" src=\"http:\/\/www.zsben.cz\/wordpress\/wp-content\/uploads\/2017\/01\/otevreni2.gif\" alt=\"\" width=\"594\" height=\"203\"><\/p>\n<p><img loading=\"lazy\" decoding=\"async\" class=\"size-full wp-image-48281 aligncenter\" src=\"http:\/\/www.zsben.cz\/wordpress\/wp-content\/uploads\/2017\/01\/otevreni1.jpg\" alt=\"\" width=\"300\" height=\"194\" srcset=\"https:\/\/www.zsben.cz\/wordpress\/wp-content\/uploads\/2017\/01\/otevreni1.jpg 300w, https:\/\/www.zsben.cz\/wordpress\/wp-content\/uploads\/2017\/01\/otevreni1-150x97.jpg 150w\" sizes=\"auto, (max-width: 300px) 100vw, 300px\" \/><\/p>\n<p>Mezi hosty byl i zn\u00e1m\u00fd \u010desk\u00fd mal\u00ed\u0159 Milo\u0161 Nesvadba, kter\u00fd napsal do kroniky:<strong>\u201eByl jsem, vid\u011bl jsem u\u017eas jsem!&#8221;<\/strong><\/p>\n<p><img loading=\"lazy\" decoding=\"async\" class=\"aligncenter size-full wp-image-48288\" src=\"http:\/\/www.zsben.cz\/wordpress\/wp-content\/uploads\/2017\/01\/otevreni3.gif\" alt=\"\" width=\"509\" height=\"802\"><\/p>\n<p>Ve \u0161koln\u00edm roce 1987-1988 byly v&nbsp;5., 6. a 7. ro\u010dn\u00edku byla otev\u0159ena v\u017edy 1 t\u0159\u00edda se zam\u011b\u0159en\u00edm na ledn\u00ed hokej.<\/p>\n<p>Ve \u0161koln\u00edm roce 1991-1992 byla otev\u0159ena ve 3. ro\u010dn\u00edku jedna t\u0159\u00edda s&nbsp;roz\u0161\u00ed\u0159enou v\u00fdukou jazyk\u016f (Aj nebo Nj).<\/p>\n<h3>Velikost a \u00faplnost \u0161koly<\/h3>\n<p>Z\u00e1kladn\u00ed \u0161kola Bene\u0161ov, Dukelsk\u00e1 1818 je \u00fapln\u00e1 \u0161kola s&nbsp;9-ti postupn\u00fdmi ro\u010dn\u00edky.<\/p>\n<p>Na prvn\u00edm stupni je zpravidla po t\u0159ech paraleln\u00edch t\u0159\u00edd\u00e1ch, na druh\u00e9m stupni vyjime\u010dn\u011b i 5 paraleln\u00edch t\u0159\u00edd. <br \/>\nKapacita \u0161koly je 900 \u017e\u00e1k\u016f.<\/p>\n<h3>Materi\u00e1ln\u00ed vybaven\u00ed \u0161koly<\/h3>\n<p>&#8211; 34 u\u010deben v\u010detn\u011b <strong>15 u\u010deben odborn\u00fdch<\/strong>. (p\u0159. u\u010debna p\u0159\u00edrodopisu,po\u010d\u00edta\u010dov\u00e9 u\u010debny, u\u010debna chemie a fyziky, videokonfere\u010dn\u00ed syst\u00e9m zahrnuj\u00edc\u00ed multimedi\u00e1ln\u00ed po\u010d\u00edta\u010d, sympodium a bezdr\u00e1tov\u00fd mikrofon,&nbsp; nainstalov\u00e1ny interaktivn\u00ed tabule,\u2026)<\/p>\n<div class=\"row\" style=\"margin-bottom: 10px;\">\n<div class=\"col-sm-6\"><img loading=\"lazy\" decoding=\"async\" class=\"aligncenter size-full wp-image-48291\" src=\"http:\/\/www.zsben.cz\/wordpress\/wp-content\/uploads\/2017\/01\/ucebna1.jpg\" alt=\"\" width=\"300\" height=\"225\" srcset=\"https:\/\/www.zsben.cz\/wordpress\/wp-content\/uploads\/2017\/01\/ucebna1.jpg 300w, https:\/\/www.zsben.cz\/wordpress\/wp-content\/uploads\/2017\/01\/ucebna1-150x113.jpg 150w\" sizes=\"auto, (max-width: 300px) 100vw, 300px\" \/><\/div>\n<div class=\"col-sm-6\"><img loading=\"lazy\" decoding=\"async\" class=\"aligncenter size-full wp-image-48292\" src=\"http:\/\/www.zsben.cz\/wordpress\/wp-content\/uploads\/2017\/01\/ucebna2.jpg\" alt=\"\" width=\"300\" height=\"225\" srcset=\"https:\/\/www.zsben.cz\/wordpress\/wp-content\/uploads\/2017\/01\/ucebna2.jpg 300w, https:\/\/www.zsben.cz\/wordpress\/wp-content\/uploads\/2017\/01\/ucebna2-150x113.jpg 150w\" sizes=\"auto, (max-width: 300px) 100vw, 300px\" \/><\/div>\n<\/div>\n<div class=\"row\" style=\"margin-bottom: 15px;\">\n<div class=\"col-sm-6\"><img loading=\"lazy\" decoding=\"async\" class=\"aligncenter size-full wp-image-48293\" src=\"http:\/\/www.zsben.cz\/wordpress\/wp-content\/uploads\/2017\/01\/ucebna3.jpg\" alt=\"\" width=\"300\" height=\"225\" srcset=\"https:\/\/www.zsben.cz\/wordpress\/wp-content\/uploads\/2017\/01\/ucebna3.jpg 300w, https:\/\/www.zsben.cz\/wordpress\/wp-content\/uploads\/2017\/01\/ucebna3-150x113.jpg 150w\" sizes=\"auto, (max-width: 300px) 100vw, 300px\" \/><\/div>\n<div class=\"col-sm-6\"><img loading=\"lazy\" decoding=\"async\" class=\"aligncenter size-full wp-image-48294\" src=\"http:\/\/www.zsben.cz\/wordpress\/wp-content\/uploads\/2017\/01\/ucebna4.jpg\" alt=\"\" width=\"300\" height=\"225\" srcset=\"https:\/\/www.zsben.cz\/wordpress\/wp-content\/uploads\/2017\/01\/ucebna4.jpg 300w, https:\/\/www.zsben.cz\/wordpress\/wp-content\/uploads\/2017\/01\/ucebna4-150x113.jpg 150w\" sizes=\"auto, (max-width: 300px) 100vw, 300px\" \/><\/div>\n<\/div>\n<p>&#8211; V\u00fduka TV je zaji\u0161\u0165ov\u00e1na v&nbsp;<strong>nov\u00e9 p\u0159\u00edstavb\u011b t\u011blocvi\u010dny,<\/strong> na venkovn\u00edm h\u0159i\u0161ti, zimn\u00edm stadionu a v&nbsp;plaveck\u00e9m baz\u00e9nu. P\u0159\u00edstavbou t\u011blocvi\u010dny se zv\u00fd\u0161ila \u00farove\u0148 podm\u00ednek pro v\u00fduku Tv,&nbsp; volno\u010dasov\u00e9 aktivity \u017e\u00e1k\u016f, ale i pro jin\u00e9 sporty \u2013 florbal, volejbal, basketbal, mal\u00e1 kopan\u00e1, h\u00e1zen\u00e1,&#8230;<\/p>\n<div class=\"row\" style=\"margin-bottom: 15px;\">\n<div class=\"col-sm-6\"><img loading=\"lazy\" decoding=\"async\" class=\"aligncenter size-full wp-image-48313\" src=\"http:\/\/www.zsben.cz\/wordpress\/wp-content\/uploads\/2017\/01\/telocvicna1.jpg\" alt=\"\" width=\"300\" height=\"225\" srcset=\"https:\/\/www.zsben.cz\/wordpress\/wp-content\/uploads\/2017\/01\/telocvicna1.jpg 300w, https:\/\/www.zsben.cz\/wordpress\/wp-content\/uploads\/2017\/01\/telocvicna1-150x113.jpg 150w\" sizes=\"auto, (max-width: 300px) 100vw, 300px\" \/><\/div>\n<div class=\"col-sm-6\"><img loading=\"lazy\" decoding=\"async\" class=\"aligncenter size-full wp-image-48314\" src=\"http:\/\/www.zsben.cz\/wordpress\/wp-content\/uploads\/2017\/01\/telocvicna2.jpg\" alt=\"\" width=\"300\" height=\"225\" srcset=\"https:\/\/www.zsben.cz\/wordpress\/wp-content\/uploads\/2017\/01\/telocvicna2.jpg 300w, https:\/\/www.zsben.cz\/wordpress\/wp-content\/uploads\/2017\/01\/telocvicna2-150x113.jpg 150w\" sizes=\"auto, (max-width: 300px) 100vw, 300px\" \/><\/div>\n<\/div>\n<p>T\u011blocvi\u010dna \u0161koly je na z\u00e1klad\u011b smluv od 16,00 do 22,00 hodin denn\u011b pronaj\u00edm\u00e1na odd\u00edlu Basketclubu a odd\u00edlu Juda a Aikida Bene\u0161ov.<\/p>\n<p>&#8211; Pracovn\u00ed \u010dinnosti jsou prov\u00e1d\u011bny v samostatn\u00e9 <strong>pracovn\u011b p\u011bstitelsk\u00fdch prac\u00ed,\u0161koln\u00ed d\u00edln\u011b, a cvi\u010dn\u00e9 kuchyni <\/strong>s&nbsp;j\u00eddelnou. P\u011bstitelsk\u00e9 pr\u00e1ce jsou prov\u00e1d\u011bny na ploch\u00e1ch v&nbsp;are\u00e1lu \u0161koly.<\/p>\n<p><strong>Keramick\u00e1 d\u00edlna<\/strong> je vyu\u017e\u00edv\u00e1na d\u011btmi ze \u0160D a prob\u00edhaj\u00ed v&nbsp;n\u00ed z\u00e1jmov\u00e9 krou\u017eky.<\/p>\n<p>Ve \u0161koln\u00ed budov\u011b je <strong>\u0161koln\u00ed kuchyn\u011b a j\u00eddelna<\/strong>.<\/p>\n<p>Provozujeme \u0161koln\u00ed dru\u017einu a odpoledn\u00ed volno\u010dasov\u00e9 aktivity.<\/p>\n<p>Po\u010d\u00edta\u010dov\u00e1 s\u00ed\u0165 obsahuj\u00edc\u00ed 110 po\u010d\u00edta\u010d\u016f instalovan\u00e1 ve \u0161kole umo\u017e\u0148uje <strong>\u017e\u00e1k\u016fm p\u0159\u00edstup na internet ka\u017ed\u00fd den<\/strong>. <br \/>\nRodi\u010de maj\u00ed mo\u017enost komunikovat se \u0161kolou prost\u0159ednictv\u00edm webov\u00fdch str\u00e1nek, elektronick\u00e9 \u017e\u00e1kovsk\u00e9 kn\u00ed\u017eky,&nbsp;<br \/>\nkde jsou mj. zve\u0159ej\u0148ov\u00e1ny t\u00fddenn\u00ed pl\u00e1ny akc\u00ed.<\/p>\n<h3>Zapojen\u00ed \u0161koly do projekt\u016f<\/h3>\n<p>TVO\u0158IV\u00c1 \u0160KOLA<\/p>\n<p>\u201e Ve \u0161kole nejde jen o to, aby poskytovala co nejv\u00edce v\u011bdomost\u00ed, ale tak\u00e9 hlavn\u011b o to, aby navykla \u017e\u00e1ka p\u0159esnosti, pozornosti, metodi\u010dnosti. U\u010dme \u017e\u00e1ky tak, aby um\u011bli pozorovat p\u0159\u00edrodu \u017eivot a dovedli tvo\u0159iv\u011b a spr\u00e1vn\u011b \u0159e\u0161it \u00fakoly &nbsp;a \u00fakolky, kdy a kdekoliv se k&nbsp;nim dostanou.\u201c (T.G. Masaryk)<\/p>\n<p>M.R.K.E.V &#8211; environment\u00e1ln\u00ed vzd\u011bl\u00e1v\u00e1n\u00ed<\/p>\n<p>CZECHKID \u2013 multikulturn\u00ed v\u00fdchova aneb u\u010dit multikulturn\u011b<\/p>\n<h3>Spolupr\u00e1ce s rodi\u010di &#8211; Sdru\u017een\u00ed rodi\u010d\u016f a p\u0159\u00e1tel z\u00e1kladn\u00ed \u0161koly&nbsp;<\/h3>\n<p>O&nbsp;pr\u016fb\u011bhu vzd\u011bl\u00e1v\u00e1n\u00ed \u017e\u00e1k\u016f jsou rodi\u010de pr\u016fb\u011b\u017en\u011b informov\u00e1ni jednak na t\u0159\u00eddn\u00edch sch\u016fzk\u00e1ch, ale i na sjednan\u00fdch konzultac\u00edch jednotliv\u00fdmi vyu\u010duj\u00edc\u00edmi. Dobr\u00e1 komunikace s&nbsp;rodi\u010di je jedn\u00edm z&nbsp;hlavn\u00edch c\u00edl\u016f \u0161koly a m\u00e1 na na\u0161\u00ed \u0161kole dlouholetou tradici.<\/p>\n<h3>\u0160kolsk\u00e1 rada<\/h3>\n<p>Dle platnosti nov\u00e9 \u0161kolsk\u00e9 legislativy byla z\u0159\u00edzena \u0161kolsk\u00e1 rada, kter\u00e1 navazuje na \u010dinnost p\u0159edch\u00e1zej\u00edc\u00ed rady \u0161koly.<\/p>\n<p><span style=\"text-decoration: underline;\"><a href=\"https:\/\/www.zsben.cz\/wordpress\/?page_id=48318\">Slo\u017een\u00ed \u0160R zde.<\/a><\/span><\/p>\n<h3>\u017d\u00e1kovsk\u00e1 rada<\/h3>\n<p>\u017d\u00e1ci se pod\u00edl\u00ed na \u0159\u00edzen\u00ed \u0161koly prost\u0159ednictv\u00edm \u017e\u00e1kovsk\u00e9 rady. D\u00e1vaj\u00ed podn\u011bty a p\u0159ipom\u00ednky k&nbsp;\u017eivotu a organizaci \u0161koly, navrhuj\u00ed a pod\u00edlej\u00ed se na organizaci projekt\u016f \u0161koly.<\/p>\n<p><span style=\"text-decoration: underline;\"><a href=\"https:\/\/www.zsben.cz\/wordpress\/?page_id=48320\" target=\"_top\" rel=\"noopener\">Slo\u017een\u00ed \u017dR zde.<\/a><\/span><\/p>\n<h3>Partne\u0159i \u0161koly<\/h3>\n<p>Z\u00e1kladn\u00ed \u0161kola Trutnov, Ml\u00e1de\u017enick\u00e1 536 v&nbsp;r\u00e1mci videokonferen\u010dn\u00edho syst\u00e9mu v&nbsp;oblasti vyu\u010d. p\u0159edm\u011bt\u016f \u2013 p\u0159\u00edrodopis, zem\u011bpis, d\u011bjepis, spole\u010denskov\u011bdn\u00ed semin\u00e1\u0159, v&nbsp;r\u00e1mci \u017e\u00e1kovsk\u00fdch rad obou \u0161kol, v\u00fdm\u011bna zku\u0161enost\u00ed ped. pracovn\u00edk\u016f<\/p>\n<p>V&nbsp;r\u00e1mci programu COMENIUS za\u010d\u00edn\u00e1 spolupr\u00e1ce se \u0161kolami z t\u011bchto zem\u00ed:<br \/>\nFinsko<br \/>\nSlovensko<br \/>\n\u0160pan\u011blsko<br \/>\nHolandsko<\/p>\n<p>Pedagogicko psychologick\u00e1 poradna St\u0159edo\u010desk\u00e9ho kraje, pracovi\u0161t\u011b Bene\u0161ov, \u010cernolesk\u00e1 1998,<\/p>\n<p>SPC Vertik\u00e1la Praha<\/p>\n<p>SPC p\u0159i \u0160kole Jaroslava Je\u017eka, Speci\u00e1ln\u00edch \u0161kol\u00e1ch pro zrakov\u011b posti\u017een\u00e9<\/p>\n<div class=\"fcbkbttn_buttons_block\" id=\"fcbkbttn_left\"><div class=\"fcbkbttn_like \"><div class=\"fb-like fb-like-button_count\" data-href=\"https:\/\/www.zsben.cz\/wordpress\/?page_id=48049\" data-colorscheme=\"light\" data-layout=\"button_count\" data-action=\"like\"  data-size=\"small\"><\/div><\/div><div class=\"fb-share-button  \" data-href=\"https:\/\/www.zsben.cz\/wordpress\/?page_id=48049\" data-type=\"button_count\" data-size=\"small\"><\/div><\/div>","protected":false},"excerpt":{"rendered":"<p>Charakteristika \u0161koly Z historie \u0161koly Jedn\u00e1 se o \u0161kolu pavil\u00f3nov\u00e9ho typu, kter\u00e1 byla slavnostn\u011b otev\u0159ena v&nbsp;roce 1982. Mezi hosty byl i zn\u00e1m\u00fd \u010desk\u00fd mal\u00ed\u0159 Milo\u0161 Nesvadba, kter\u00fd napsal do kroniky:\u201eByl jsem, vid\u011bl jsem u\u017eas jsem!&#8221; Ve \u0161koln\u00edm roce 1987-1988 byly v&nbsp;5., 6. a 7. ro\u010dn\u00edku byla otev\u0159ena v\u017edy 1 t\u0159\u00edda se zam\u011b\u0159en\u00edm na ledn\u00ed hokej. [&hellip;]<\/p>\n","protected":false},"author":1,"featured_media":0,"parent":0,"menu_order":0,"comment_status":"closed","ping_status":"closed","template":"","meta":{"ngg_post_thumbnail":0,"footnotes":""},"class_list":["post-48049","page","type-page","status-publish","hentry"],"_links":{"self":[{"href":"https:\/\/www.zsben.cz\/wordpress\/index.php?rest_route=\/wp\/v2\/pages\/48049","targetHints":{"allow":["GET"]}}],"collection":[{"href":"https:\/\/www.zsben.cz\/wordpress\/index.php?rest_route=\/wp\/v2\/pages"}],"about":[{"href":"https:\/\/www.zsben.cz\/wordpress\/index.php?rest_route=\/wp\/v2\/types\/page"}],"author":[{"embeddable":true,"href":"https:\/\/www.zsben.cz\/wordpress\/index.php?rest_route=\/wp\/v2\/users\/1"}],"replies":[{"embeddable":true,"href":"https:\/\/www.zsben.cz\/wordpress\/index.php?rest_route=%2Fwp%2Fv2%2Fcomments&post=48049"}],"version-history":[{"count":38,"href":"https:\/\/www.zsben.cz\/wordpress\/index.php?rest_route=\/wp\/v2\/pages\/48049\/revisions"}],"predecessor-version":[{"id":87712,"href":"https:\/\/www.zsben.cz\/wordpress\/index.php?rest_route=\/wp\/v2\/pages\/48049\/revisions\/87712"}],"wp:attachment":[{"href":"https:\/\/www.zsben.cz\/wordpress\/index.php?rest_route=%2Fwp%2Fv2%2Fmedia&parent=48049"}],"curies":[{"name":"wp","href":"https:\/\/api.w.org\/{rel}","templated":true}]}}