{"id":48045,"date":"2017-01-04T21:23:39","date_gmt":"2017-01-04T20:23:39","guid":{"rendered":"http:\/\/www.zsben.cz\/wordpress\/?page_id=48045"},"modified":"2020-12-18T12:09:41","modified_gmt":"2020-12-18T11:09:41","slug":"pripravna-trida","status":"publish","type":"page","link":"https:\/\/www.zsben.cz\/wordpress\/?page_id=48045","title":{"rendered":"P\u0159\u00edpravn\u00e1 t\u0159\u00edda"},"content":{"rendered":"<h1 style=\"text-align: center;\">P\u0159\u00edpravn\u00e1 t\u0159\u00edda<\/h1>\n<p><strong>T\u0159\u00eddn\u00ed u\u010ditelka:<\/strong> Lenka Navr\u00e1tilov\u00e1<\/p>\n<p><strong>Konzulta\u010dn\u00ed hodiny:<\/strong> po dohod\u011b v odpoledn\u00edch hodin\u00e1ch<\/p>\n<p><strong>P\u0159\u00edtomnost z\u00e1konn\u00e9ho z\u00e1stupce (d\u00edt\u011bte nav\u0161t\u011bvuj\u00edc\u00ed p\u0159\u00edpravnou t\u0159\u00eddu) ve t\u0159\u00edd\u011b: <\/strong>po dobu pandemie COVID nen\u00ed mo\u017en\u00e1<\/p>\n<p>Charakteristika p\u0159\u00edpravn\u00e9 t\u0159\u00eddy:<\/p>\n<p>&#8211;&nbsp; je pro d\u011bti v&nbsp;posledn\u00edm roce p\u0159ed zah\u00e1jen\u00edm povinn\u00e9 \u0161koln\u00ed doch\u00e1zky dle platn\u00fdch pr\u00e1vn\u00edch norem,<\/p>\n<p>&#8211;&nbsp; je pro maxim\u00e1ln\u011b 15 d\u011bt\u00ed,<\/p>\n<p>&#8211;&nbsp; je bezplatn\u00e1 a trv\u00e1 jeden \u0161koln\u00ed rok,<\/p>\n<p>&#8211;&nbsp; m\u00e1 vytvo\u0159en\u00fd \u0160koln\u00ed vzd\u011bl\u00e1vac\u00ed program \u201eMezi \u0161kol\u00e1ky\u201c podle R\u00e1mcov\u00e9ho vzd\u011bl\u00e1vac\u00edho programu pro p\u0159ed\u0161koln\u00ed vzd\u011bl\u00e1v\u00e1n\u00ed (RVP PV),<\/p>\n<p>&#8211;&nbsp; m\u00e1 sv\u016fj polodenn\u00ed organiza\u010dn\u00ed program, kter\u00fd je natolik flexibiln\u00ed, aby mohl reagovat na aktu\u00e1ln\u00ed zm\u011bny \u010di aktu\u00e1ln\u00ed pot\u0159eby d\u011bt\u00ed.<\/p>\n<p><strong>Denn\u00ed program&nbsp;&nbsp;<\/strong><\/p>\n<table class=\"table table-bordered\">\n<colgroup>\n<col class=\"col-md-2\">\n<col class=\"col-md-10\"> <\/colgroup>\n<tbody>\n<tr>\n<td>7.30 \u2013 8.00<\/td>\n<td>sch\u00e1zen\u00ed d\u011bt\u00ed (sebeobsluha, ukl\u00e1d\u00e1n\u00ed v\u011bc\u00ed do \u0161atny, p\u0159ed\u00e1v\u00e1n\u00ed d\u00edt\u011bte u\u010ditelce v&nbsp;p\u0159\u00edpravn\u00e9 t\u0159\u00edd\u011b)<\/td>\n<\/tr>\n<tr>\n<td>8.00 \u2013 9.30<\/td>\n<td>p\u0159iv\u00edt\u00e1n\u00ed, kalend\u00e1\u0159 p\u0159\u00edrody, motorika mluvidel, komunitn\u00ed kruh (\u010dinnosti skupinov\u00e9) 1. integrovan\u00fd blok podle vzd\u011bl\u00e1vac\u00edho programu (\u010dinnosti skupinov\u00e9 a individu\u00e1ln\u00ed)<\/td>\n<\/tr>\n<tr>\n<td>\n<p>9.30 \u2013 10.00<\/p>\n<\/td>\n<td>\n<p>dopoledn\u00ed sva\u010dina &#8211; sebeobsluha<\/p>\n<\/td>\n<\/tr>\n<tr>\n<td>\n<p>10.00 \u2013 10.45<\/p>\n<\/td>\n<td>\n<p>pobyt venku nebo ve spole\u010densk\u00e9 m\u00edstnosti: pohybov\u00e9 hry, tane\u010dn\u00ed hry, zdravotn\u00ed cvi\u010den\u00ed, cvi\u010den\u00ed s&nbsp;n\u00e1\u010din\u00edm, vych\u00e1zky, hry na h\u0159i\u0161ti, spont\u00e1nn\u00ed pohyb, voln\u00e1 hra<\/p>\n<\/td>\n<\/tr>\n<tr>\n<td>\n<p>10.45 \u2013 11.45<\/p>\n<\/td>\n<td>\n<p>2. integrovan\u00fd blok podle vzd\u011bl\u00e1vac\u00edho programu (\u010dinnosti skupinov\u00e9 a individu\u00e1ln\u00ed &#8211; pracovn\u00ed listy, pracovn\u00ed se\u0161ity)<\/p>\n<\/td>\n<\/tr>\n<tr>\n<td>\n<p>11.45 \u2013 12.30<\/p>\n<\/td>\n<td>\n<p>ob\u011bd, sebeobsluha, rozch\u00e1zen\u00ed d\u011bt\u00ed, p\u0159ev\u00e1d\u011bn\u00ed d\u011bt\u00ed do \u0161koln\u00ed dru\u017einy<\/p>\n<\/td>\n<\/tr>\n<\/tbody>\n<\/table>\n<p>&nbsp;<\/p>\n<p>Z\u00e1konn\u00ed z\u00e1stupci mohou za m\u011bs\u00ed\u010dn\u00ed poplatek vyu\u017e\u00edt slu\u017eby \u0161koln\u00ed dru\u017einy a to v&nbsp;dob\u011b: 6.30 hod. \u2013 7.30 hod, 12.30 hod. \u2013 17.00 hod.<\/p>\n<p>&nbsp;<\/p>\n<p><strong>\u0160koln\u00ed vzd\u011bl\u00e1vac\u00ed program pro p\u0159\u00edpravnou t\u0159\u00eddu \u201eMezi \u0161kol\u00e1ky\u201c<\/strong><\/p>\n<p>&#8211;&nbsp; vzd\u011bl\u00e1v\u00e1n\u00ed vych\u00e1z\u00ed z&nbsp;pedagogick\u00e9 anal\u00fdzy individu\u00e1ln\u00edch a specifick\u00fdch pot\u0159eb, z\u00e1jm\u016f d\u00edt\u011bte, aktu\u00e1ln\u00edho rozvojov\u00e9ho stavu &#8211; dosa\u017een\u00fdch kompetenc\u00ed, konkr\u00e9tn\u00ed \u017eivotn\u00ed a soci\u00e1ln\u00ed situace, doporu\u010den\u00ed PPP a dal\u0161\u00edch specialist\u016f,<\/p>\n<p>&#8211;&nbsp; d\u011btem se specifick\u00fdmi pot\u0159ebami je v\u011bnov\u00e1na maxim\u00e1ln\u00ed p\u00e9\u010de na z\u00e1klad\u011b z\u00e1v\u011br\u016f z&nbsp;vy\u0161et\u0159en\u00ed PPP a dal\u0161\u00edch specialist\u016f,<\/p>\n<p>&#8211;&nbsp; s&nbsp;d\u011btmi, kter\u00e9 maj\u00ed vadu \u0159e\u010di, se pracuje podle doporu\u010den\u00ed klinick\u00e9ho logopeda b\u011bhem individu\u00e1ln\u00edch logopedick\u00fdch chvilek a logopedick\u00fdch cvi\u010den\u00ed ve spolupr\u00e1ci se&nbsp;z\u00e1k. z\u00e1stupci,<\/p>\n<p>&#8211;&nbsp; formy a metody pr\u00e1ce vych\u00e1zej\u00ed ze specifick\u00fdch po\u017eadavk\u016f d\u011bt\u00ed v&nbsp;t\u00e9to t\u0159\u00edd\u011b<\/p>\n<p>&#8211;&nbsp; vzd\u011bl\u00e1v\u00e1n\u00ed je uskute\u010d\u0148ov\u00e1no ve v\u0161ech \u010dinnostech a v situac\u00edch, kter\u00e9 se v&nbsp;pr\u016fb\u011bhu dne vyskytnou, vyv\u00e1\u017een\u00fdm pom\u011brem spont\u00e1nn\u00edch a \u0159\u00edzen\u00fdch aktivit s&nbsp;d\u016frazem na aktivn\u00ed \u00fa\u010dast d\u00edt\u011bte, jeho tvo\u0159ivost, smyslov\u00e9 vn\u00edm\u00e1n\u00ed, situa\u010dn\u00ed u\u010den\u00ed, spont\u00e1nn\u00ed soci\u00e1ln\u00ed u\u010den\u00ed, pro\u017eitkov\u00e9 a kooperativn\u00ed u\u010den\u00ed hrou a \u010dinnostmi d\u011bt\u00ed zalo\u017een\u00fdch na p\u0159\u00edm\u00fdch z\u00e1\u017eitc\u00edch d\u00edt\u011bte,<\/p>\n<p>&#8211;&nbsp; maxim\u00e1ln\u011b je vyu\u017e\u00edv\u00e1n individu\u00e1ln\u00ed p\u0159\u00edstup,<\/p>\n<p>&#8211;&nbsp; d\u011bti jsou vhodn\u011b motivov\u00e1ny k&nbsp;aktivn\u00ed \u00fa\u010dasti na v\u0161ech \u010dinnostech, pokud se necht\u011bj\u00ed zapojit, maj\u00ed mo\u017enost si zvolit \u010dinnost, kter\u00e1 jim vyhovuje a je moment\u00e1ln\u011b akceptovateln\u00e1 k&nbsp;\u010dinnostem ostatn\u00edch d\u011bt\u00ed,<\/p>\n<p>&#8211;&nbsp; d\u011bti nejsou zn\u00e1mkov\u00e1ny, na konci \u0161koln\u00edho roku je slovn\u00ed hodnocen\u00ed.<\/p>\n<p>&nbsp;<\/p>\n<p><strong>Hlavn\u00ed c\u00edle vzd\u011bl\u00e1v\u00e1n\u00ed<\/strong><\/p>\n<ol>\n<li>&nbsp; p\u0159edch\u00e1zet ne\u00fasp\u011b\u0161n\u00fdm za\u010d\u00e1tk\u016fm p\u0159i n\u00e1stupu do 1. t\u0159\u00eddy,<\/li>\n<li>&nbsp; vyrovnat konkr\u00e9tn\u00ed nedostatky v&nbsp;rozvoji a u\u010den\u00ed d\u00edt\u011bte, kter\u00e9 byly p\u0159\u00ed\u010dinou odkladu \u0161koln\u00ed doch\u00e1zky,<\/li>\n<li>&nbsp; \u00fazce spolupracovat s&nbsp;rodinou, zapojit z\u00e1konn\u00e9 z\u00e1stupce do v\u00fdchovn\u011b vzd\u011bl\u00e1vac\u00edho procesu a navazovat na pr\u00e1ci specialist\u016f,<\/li>\n<li>&nbsp; vytv\u00e1\u0159et kladn\u00e9 soci\u00e1ln\u00ed postoje, vztah zalo\u017een\u00fd na p\u0159\u00e1telstv\u00ed a spolupr\u00e1ci,<\/li>\n<li>&nbsp; motivovat d\u00edt\u011b k&nbsp;vlastn\u00ed aktivit\u011b a podpo\u0159it chu\u0165 u\u010dit se,<\/li>\n<li>&nbsp; posilovat sebev\u011bdom\u00ed a sebeovl\u00e1d\u00e1n\u00ed,<\/li>\n<li>&nbsp; rozv\u00edjet tvo\u0159ivost a fantazii p\u0159i setk\u00e1n\u00ed s&nbsp;um\u011bn\u00edm,<\/li>\n<li>&nbsp; rozv\u00edjet z\u00e1kladn\u00ed ekologick\u00e9 sm\u00fd\u0161len\u00ed,<\/li>\n<li>&nbsp; aktivn\u011b a s&nbsp;uspokojen\u00edm zvl\u00e1dat n\u00e1roky \u017eivota, kter\u00e9 jsou na n\u011b b\u011b\u017en\u011b kladeny, zejm\u00e9na v&nbsp;prost\u0159ed\u00ed rodiny a \u0161koly.<\/li>\n<\/ol>\n<p>&nbsp;<\/p>\n<p><strong>Vzd\u011bl\u00e1vac\u00ed pl\u00e1n<\/strong><\/p>\n<table class=\"table table-bordered\">\n<tbody>\n<tr>\n<td>\n<p><strong>\u010casov\u00e9 obdob\u00ed<\/strong><\/p>\n<\/td>\n<td>\n<p><strong>M\u011bs\u00ed\u010dn\u00ed t\u00e9ma<\/strong><\/p>\n<\/td>\n<td>\n<p><strong>T\u00fddenn\u00ed bloky<\/strong><\/p>\n<\/td>\n<\/tr>\n<tr>\n<td>\n<p>Z\u00e1\u0159\u00ed<\/p>\n<\/td>\n<td>\n<p>\u201eMezi \u0161kol\u00e1ky\u201c<\/p>\n<\/td>\n<td>\n<p>Zvon\u011bn\u00ed se n\u00e1s net\u00fdk\u00e1<br \/>\nRo\u010dn\u00ed kalend\u00e1\u0159<br \/>\nUtr\u017een\u00e9 sluch\u00e1tko<br \/>\nLegenda o svat\u00e9m V\u00e1clavovi<\/p>\n<\/td>\n<\/tr>\n<tr>\n<td>\n<p>\u0158\u00edjen<\/p>\n<\/td>\n<td>\n<p>\u201eMezi dosp\u011bl\u00e1ky\u201c<\/p>\n<\/td>\n<td>\n<p>P\u0159\u00e1l\/a bych si st\u00e1t se\u2026<br \/>\nZa tajemstv\u00edm po\u0161tovn\u00ed schr\u00e1nky<br \/>\nHrne\u010dku va\u0159<br \/>\nKam ulet\u011bl mal\u00fd Pet\u0159\u00ed\u010dek?<\/p>\n<\/td>\n<\/tr>\n<tr>\n<td>\n<p>Listopad<\/p>\n<\/td>\n<td>\n<p>\u201eHor\u00e1\u010dek m\u00e1 ang\u00ednu\u201c<\/p>\n<\/td>\n<td>\n<p>Jak funguje lidsk\u00e9 t\u011blo?<br \/>\nNevid\u00edm T\u011b!<br \/>\nU l\u00e9ka\u0159e<\/p>\n<\/td>\n<\/tr>\n<tr>\n<td>\n<p>Prosinec<\/p>\n<\/td>\n<td>\n<p>\u201e Kouzlo V\u00e1noc\u201c&nbsp;<\/p>\n<p>&nbsp;<\/p>\n<\/td>\n<td>\n<p>Sv. Mikul\u00e1\u0161<br \/>\nAdvent<br \/>\nDopis Je\u017e\u00ed\u0161kovi<\/p>\n<\/td>\n<\/tr>\n<tr>\n<td>\n<p>Leden<\/p>\n<\/td>\n<td>\n<p>\u201e\u010clov\u011bk neandrt\u00e1lsk\u00fd\u201c<\/p>\n<p>&nbsp;<\/p>\n<\/td>\n<td>\n<p>T\u0159i Kr\u00e1lov\u00e9<br \/>\nDoba ledov\u00e1, je doba ledov\u00e1.<br \/>\nZa dinosaury<br \/>\nKarneval (Masopust)<\/p>\n<\/td>\n<\/tr>\n<tr>\n<td>\n<p>\u00danor<\/p>\n<\/td>\n<td>\n<p>\u201eV divadle\u201c<\/p>\n<\/td>\n<td>\n<p>&nbsp;<\/p>\n<\/td>\n<\/tr>\n<tr>\n<td>\n<p>B\u0159ezen<\/p>\n<\/td>\n<td>\n<p>\u201ePes Jonat\u00e1n\u201c<\/p>\n<\/td>\n<td>\n<p>Mezi zv\u00ed\u0159aty v&nbsp;ZOO<br \/>\nMezi zv\u00ed\u0159aty na dvo\u0159e<br \/>\nDom\u00e1c\u00ed mazl\u00ed\u010dci<br \/>\nDe\u0161tiv\u00e9 odpoledne<\/p>\n<\/td>\n<\/tr>\n<tr>\n<td>\n<p>Duben<\/p>\n<\/td>\n<td>\n<p>\u201ePlaneta \u0164ap \u2013 \u0165ap\u201c<\/p>\n<\/td>\n<td>\n<p>Velikonoce<br \/>\nD\u011btsk\u00e1 kniha<br \/>\nDen Zem\u011b<br \/>\nT\u00fdden bezpe\u010dnosti na silnic\u00edch<\/p>\n<\/td>\n<\/tr>\n<tr>\n<td>\n<p>Kv\u011bten<\/p>\n<\/td>\n<td>\n<p>\u201eBabo\u010dka admir\u00e1l\u201c<\/p>\n<p>&nbsp;<\/p>\n<\/td>\n<td>\n<p>Mamin\u010din \u201e\u0161est\u00fd smysl\u201c<br \/>\nDoma<br \/>\nCo v\u0161echno um\u00ed hasi\u010di?<br \/>\nMezi indi\u00e1ny<\/p>\n<\/td>\n<\/tr>\n<tr>\n<td>\n<p>&nbsp;\u010cerven<\/p>\n<\/td>\n<td>\n<p>\u201eMezi pir\u00e1ty\u201c<\/p>\n<\/td>\n<td>\n<p>Den d\u011bt\u00ed (1.6.)<br \/>\nNa zaoce\u00e1nsk\u00e9 lodi<br \/>\nVe vzduchu<br \/>\nDivadeln\u00ed p\u0159edstaven\u00ed<\/p>\n<\/td>\n<\/tr>\n<\/tbody>\n<\/table>\n<p>&nbsp;<\/p>\n<p><strong>Celoro\u010dn\u00ed projekty:<\/strong><\/p>\n<p><strong>&#8211;&nbsp;&nbsp;&nbsp;&nbsp;&nbsp;&nbsp; <\/strong><strong>&nbsp;<\/strong><strong>Kalend\u00e1\u0159 p\u0159\u00edrody<\/strong><\/p>\n<p><strong>&#8211;&nbsp;&nbsp;&nbsp;&nbsp;&nbsp;&nbsp; <\/strong><strong>&nbsp;Jaz\u00fd\u010dek \u2013 logopedick\u00e1 prevence<\/strong><\/p>\n<p><strong>Zapojen\u00ed p\u0159\u00edpravn\u00e9 t\u0159\u00eddy do aktivit Z\u0160 \u2013 v\u00e1no\u010dn\u00ed jarmark, divadeln\u00ed p\u0159edstaven\u00ed, aktivity v&nbsp;r\u00e1mci EVVO, T\u00fdden zdrav\u00e9ho \u017eivotn\u00edho stylu.<\/strong><\/p>\n<br><br><div class=\"row\"><div class=\"col-sm-12 aktuality-header text-center\">Aktuality<\/div><\/div><ul class=\"aktuality\"><li>\n      <a href=\"https:\/\/www.zsben.cz\/wordpress\/?p=135968\" class=\"container-fluid aktuality-post\">\n        <div class=\"row\"><div class=\"col-sm-12\"><div class=\"row\">\n              <div class=\"col-sm-12\"><div class=\"aktuality-title\">Pe\u010den\u00ed velikono\u010dn\u00edch pern\u00edk\u016f<\/div><\/div>\n            <\/div>\n            <div class=\"row\">\n              <div class=\"col-sm-12\"><div class=\"aktuality-content\">D\u011bti z&nbsp;p\u0159\u00edpravn\u00e9 t\u0159\u00eddy se v&nbsp;\u00fater\u00fd 17.3.2026 pustily do pe\u010den\u00ed velikono\u010dn\u00edch pern\u00edk\u016f. B\u00fdval\u00e1 pan\u00ed \u00fa\u010detn\u00ed Haasov\u00e1 m\u011bla pro n\u00e1s ve \u0161koln\u00ed kuchyni p\u0159ipraven\u00e9 v\u00fdborn\u00e9 t\u011bsto a s&nbsp;jej\u00ed pomoc\u00ed...<\/div><\/div>\n            <\/div>\n          <\/div>\n        <\/div>\n      <\/a>\n    <\/li><li>\n      <a href=\"https:\/\/www.zsben.cz\/wordpress\/?p=135840\" class=\"container-fluid aktuality-post\">\n        <div class=\"row\"><div class=\"col-sm-12\"><div class=\"row\">\n              <div class=\"col-sm-12\"><div class=\"aktuality-title\">Model\u00e1\u0159sk\u00e1 v\u00fdstava<\/div><\/div>\n            <\/div>\n            <div class=\"row\">\n              <div class=\"col-sm-12\"><div class=\"aktuality-content\">V&nbsp;pond\u011bl\u00ed 9.3.2026 jsme nav\u0161t\u00edvili Model\u00e1\u0159skou v\u00fdstavu v&nbsp;DDM v&nbsp;Bene\u0161ov\u011b. Prohl\u00e9dli jsme si zaj\u00edmav\u00e9 modely letadel a \u017eeleznic. Na v\u00fdstav\u011b jsme si vyrobili pap\u00edrov\u00e9 vla\u0161tovky, kter\u00e9 jsme...<\/div><\/div>\n            <\/div>\n          <\/div>\n        <\/div>\n      <\/a>\n    <\/li><li>\n      <a href=\"https:\/\/www.zsben.cz\/wordpress\/?p=135650\" class=\"container-fluid aktuality-post\">\n        <div class=\"row\"><div class=\"col-sm-12\"><div class=\"row\">\n              <div class=\"col-sm-12\"><div class=\"aktuality-title\">Atletick\u00fd \u010dty\u0159boj\u00a0<\/div><\/div>\n            <\/div>\n            <div class=\"row\">\n              <div class=\"col-sm-12\"><div class=\"aktuality-content\">V&nbsp;\u00fater\u00fd 3.3.2026 se \u017e\u00e1ci p\u0159\u00edpravn\u00e9 t\u0159\u00eddy z\u00fa\u010dastnili halov\u00e9ho \u010dty\u0159boje na atletick\u00e9m stadionu, kter\u00fd organizuje Atletika Bene\u0161ov. Sout\u011b\u017e zahrnovala discipl\u00edny 50m sprint, p\u0159ek\u00e1\u017eky, skok dalek\u00fd a...<\/div><\/div>\n            <\/div>\n          <\/div>\n        <\/div>\n      <\/a>\n    <\/li><li>\n      <a href=\"https:\/\/www.zsben.cz\/wordpress\/?p=133141\" class=\"container-fluid aktuality-post\">\n        <div class=\"row\"><div class=\"col-sm-12\"><div class=\"row\">\n              <div class=\"col-sm-12\"><div class=\"aktuality-title\">Adventn\u00ed \u010das v\u00a0p\u0159\u00edpravn\u00e9 t\u0159\u00edd\u011b<\/div><\/div>\n            <\/div>\n            <div class=\"row\">\n              <div class=\"col-sm-12\"><div class=\"aktuality-content\">U\u017e od konce listopadu se v\u0161echny d\u011bti t\u011b\u0161ily na kouzeln\u00fd m\u011bs\u00edc, kdy chod\u00ed Je\u017e\u00ed\u0161ek. Proto\u017ee jsme v&nbsp;tomto m\u011bs\u00edci m\u011bli hodn\u011b aktivit, utekl n\u00e1m adventn\u00ed \u010das rychle. Vyzdobili jsme si t\u0159\u00eddu a...<\/div><\/div>\n            <\/div>\n          <\/div>\n        <\/div>\n      <\/a>\n    <\/li><li>\n      <a href=\"https:\/\/www.zsben.cz\/wordpress\/?p=132164\" class=\"container-fluid aktuality-post\">\n        <div class=\"row\"><div class=\"col-sm-12\"><div class=\"row\">\n              <div class=\"col-sm-12\"><div class=\"aktuality-title\">N\u00e1v\u0161t\u011bva MUD<\/div><\/div>\n            <\/div>\n            <div class=\"row\">\n              <div class=\"col-sm-12\"><div class=\"aktuality-content\">Ve st\u0159edu 3.12. 2025 jsme nav\u0161t\u00edvili MUD, kde byl pro n\u00e1s p\u0159ipraven eduprogram Fotografie. Nejd\u0159\u00edve jsme si pro\u0161li v\u00fdstavu zam\u011b\u0159enou na historii fotografie a ve druh\u00e9 polovin\u011b programu jsme se...<\/div><\/div>\n            <\/div>\n          <\/div>\n        <\/div>\n      <\/a>\n    <\/li><\/ul><div class=\"row aktuality-links\"><div class=\"col-sm-9 col-md-10 text-center\"><ul class=\"aktuality pagination\"><li><span aria-current=\"page\" class=\"page-numbers current\">1<\/span><\/li><li><a class=\"page-numbers\" href=\"https:\/\/www.zsben.cz\/wordpress\/index.php\/?paged=2&#038;rest_route=%2Fwp%2Fv2%2Fpages%2F48045\">2<\/a><\/li><li><a class=\"page-numbers\" href=\"https:\/\/www.zsben.cz\/wordpress\/index.php\/?paged=3&#038;rest_route=%2Fwp%2Fv2%2Fpages%2F48045\">3<\/a><\/li><li><span class=\"page-numbers dots\">&hellip;<\/span><\/li><li><a class=\"page-numbers\" href=\"https:\/\/www.zsben.cz\/wordpress\/index.php\/?paged=30&#038;rest_route=%2Fwp%2Fv2%2Fpages%2F48045\">30<\/a><\/li><li><a class=\"next page-numbers\" href=\"https:\/\/www.zsben.cz\/wordpress\/index.php\/?paged=2&#038;rest_route=%2Fwp%2Fv2%2Fpages%2F48045\">\u00bb<\/a><\/li><\/ul><\/div><div class=\"col-sm-3 col-md-2 txt-align\"><a href=\".\/?p=3509\" id=\"archiv-link\">Archiv<\/a><\/div><\/div>\n<div class=\"fcbkbttn_buttons_block\" id=\"fcbkbttn_left\"><div class=\"fcbkbttn_like \"><div class=\"fb-like fb-like-button_count\" data-href=\"https:\/\/www.zsben.cz\/wordpress\/?page_id=48045\" data-colorscheme=\"light\" data-layout=\"button_count\" data-action=\"like\"  data-size=\"small\"><\/div><\/div><div class=\"fb-share-button  \" data-href=\"https:\/\/www.zsben.cz\/wordpress\/?page_id=48045\" data-type=\"button_count\" data-size=\"small\"><\/div><\/div>","protected":false},"excerpt":{"rendered":"<p>P\u0159\u00edpravn\u00e1 t\u0159\u00edda T\u0159\u00eddn\u00ed u\u010ditelka: Lenka Navr\u00e1tilov\u00e1 Konzulta\u010dn\u00ed hodiny: po dohod\u011b v odpoledn\u00edch hodin\u00e1ch P\u0159\u00edtomnost z\u00e1konn\u00e9ho z\u00e1stupce (d\u00edt\u011bte nav\u0161t\u011bvuj\u00edc\u00ed p\u0159\u00edpravnou t\u0159\u00eddu) ve t\u0159\u00edd\u011b: po dobu pandemie COVID nen\u00ed mo\u017en\u00e1 Charakteristika p\u0159\u00edpravn\u00e9 t\u0159\u00eddy: &#8211;&nbsp; je pro d\u011bti v&nbsp;posledn\u00edm roce p\u0159ed zah\u00e1jen\u00edm povinn\u00e9 \u0161koln\u00ed doch\u00e1zky dle platn\u00fdch pr\u00e1vn\u00edch norem, &#8211;&nbsp; je pro maxim\u00e1ln\u011b 15 d\u011bt\u00ed, &#8211;&nbsp; je bezplatn\u00e1 [&hellip;]<\/p>\n","protected":false},"author":1,"featured_media":0,"parent":48027,"menu_order":0,"comment_status":"closed","ping_status":"closed","template":"","meta":{"ngg_post_thumbnail":0,"footnotes":""},"class_list":["post-48045","page","type-page","status-publish","hentry"],"_links":{"self":[{"href":"https:\/\/www.zsben.cz\/wordpress\/index.php?rest_route=\/wp\/v2\/pages\/48045","targetHints":{"allow":["GET"]}}],"collection":[{"href":"https:\/\/www.zsben.cz\/wordpress\/index.php?rest_route=\/wp\/v2\/pages"}],"about":[{"href":"https:\/\/www.zsben.cz\/wordpress\/index.php?rest_route=\/wp\/v2\/types\/page"}],"author":[{"embeddable":true,"href":"https:\/\/www.zsben.cz\/wordpress\/index.php?rest_route=\/wp\/v2\/users\/1"}],"replies":[{"embeddable":true,"href":"https:\/\/www.zsben.cz\/wordpress\/index.php?rest_route=%2Fwp%2Fv2%2Fcomments&post=48045"}],"version-history":[{"count":20,"href":"https:\/\/www.zsben.cz\/wordpress\/index.php?rest_route=\/wp\/v2\/pages\/48045\/revisions"}],"predecessor-version":[{"id":84436,"href":"https:\/\/www.zsben.cz\/wordpress\/index.php?rest_route=\/wp\/v2\/pages\/48045\/revisions\/84436"}],"up":[{"embeddable":true,"href":"https:\/\/www.zsben.cz\/wordpress\/index.php?rest_route=\/wp\/v2\/pages\/48027"}],"wp:attachment":[{"href":"https:\/\/www.zsben.cz\/wordpress\/index.php?rest_route=%2Fwp%2Fv2%2Fmedia&parent=48045"}],"curies":[{"name":"wp","href":"https:\/\/api.w.org\/{rel}","templated":true}]}}