{"id":48039,"date":"2017-01-04T21:23:01","date_gmt":"2017-01-04T20:23:01","guid":{"rendered":"http:\/\/www.zsben.cz\/wordpress\/?page_id=48039"},"modified":"2025-10-16T09:11:13","modified_gmt":"2025-10-16T07:11:13","slug":"volitelne-a-nepovinne-predmety","status":"publish","type":"page","link":"https:\/\/www.zsben.cz\/wordpress\/?page_id=48039","title":{"rendered":"Voliteln\u00e9 a nepovinn\u00e9 p\u0159edm\u011bty"},"content":{"rendered":"<h2 style=\"text-align: center;\">Voliteln\u00e9 a nepovinn\u00e9 p\u0159edm\u011bty<\/h2>\n<table class=\"table table-bordered\" style=\"width: 59.4485%;\">\n<colgroup>\n<col class=\"col-md-6\">\n<col class=\"col-md-6\"> <\/colgroup>\n<tbody>\n<tr>\n<td style=\"width: 47.9564%;\">\n<p align=\"center\"><em><strong>I. stupe\u0148 &#8211; voliteln\u00e9<\/strong><\/em><\/p>\n<\/td>\n<td style=\"width: 158.358%;\">\n<p align=\"center\"><strong><em>II. stupe\u0148 &#8211; voliteln\u00e9<\/em><\/strong><\/p>\n<\/td>\n<\/tr>\n<tr>\n<td style=\"width: 47.9564%;\">Angli\u010dtina hrav\u011b<\/td>\n<td style=\"width: 158.358%;\">Medi\u00e1ln\u00ed v\u00fduka<\/td>\n<\/tr>\n<tr>\n<td style=\"width: 47.9564%;\">Sportovn\u00ed v\u00fdchova<\/td>\n<td style=\"width: 158.358%;\">P\u0159\u00edrodov\u011bdn\u00e1 praktika<\/td>\n<\/tr>\n<tr>\n<td style=\"width: 47.9564%;\">\u010ce\u0161tina hrou<\/td>\n<td style=\"width: 158.358%;\">Dom\u00e1cnost<\/td>\n<\/tr>\n<tr>\n<td style=\"width: 47.9564%;\">Matematika hrou<\/td>\n<td style=\"width: 158.358%;\">V\u00fdtvarn\u00fd semin\u00e1\u0159<\/td>\n<\/tr>\n<tr>\n<td style=\"width: 47.9564%;\">Cvi\u010den\u00ed z \u010desk\u00e9ho jazyka<\/td>\n<td style=\"width: 158.358%;\">N\u011bmeck\u00fd jazyk<\/td>\n<\/tr>\n<tr>\n<td style=\"width: 47.9564%;\">&nbsp;<\/td>\n<td style=\"width: 158.358%;\">Rusk\u00fd jazyk<\/td>\n<\/tr>\n<tr>\n<td style=\"width: 47.9564%;\">&nbsp;<\/td>\n<td style=\"width: 158.358%;\">Z\u00e1klady administrativy<\/td>\n<\/tr>\n<tr>\n<td style=\"width: 47.9564%;\">&nbsp;<\/td>\n<td style=\"width: 158.358%;\">Francouzsk\u00fd jazyk<\/td>\n<\/tr>\n<tr>\n<td style=\"width: 47.9564%;\">\n<p align=\"center\"><em><strong>I. stupe\u0148 &#8211; nepovinn\u00e9<\/strong><\/em><\/p>\n<\/td>\n<td style=\"width: 158.358%;\">\n<p align=\"center\"><strong><em>II. stupe\u0148 &#8211; nepovinn\u00e9<\/em><\/strong><\/p>\n<\/td>\n<\/tr>\n<tr>\n<td style=\"width: 47.9564%;\">Liter\u00e1rn\u00ed \u010dinnosti<\/td>\n<td style=\"width: 158.358%;\">Liter\u00e1rn\u00ed \u010dinnosti<\/td>\n<\/tr>\n<tr>\n<td style=\"width: 47.9564%;\">Dramatick\u00e1 v\u00fdchova<\/td>\n<td style=\"width: 158.358%;\">Dramatick\u00e1 v\u00fdchova<\/td>\n<\/tr>\n<tr>\n<td style=\"width: 47.9564%;\">Sborov\u00fd zp\u011bv<\/td>\n<td style=\"width: 158.358%;\">Sborov\u00fd zp\u011bv<\/td>\n<\/tr>\n<\/tbody>\n<\/table>\n<div class=\"fcbkbttn_buttons_block\" id=\"fcbkbttn_left\"><div class=\"fcbkbttn_like \"><div class=\"fb-like fb-like-button_count\" data-href=\"https:\/\/www.zsben.cz\/wordpress\/?page_id=48039\" data-colorscheme=\"light\" data-layout=\"button_count\" data-action=\"like\"  data-size=\"small\"><\/div><\/div><div class=\"fb-share-button  \" data-href=\"https:\/\/www.zsben.cz\/wordpress\/?page_id=48039\" data-type=\"button_count\" data-size=\"small\"><\/div><\/div>","protected":false},"excerpt":{"rendered":"<p>Voliteln\u00e9 a nepovinn\u00e9 p\u0159edm\u011bty I. stupe\u0148 &#8211; voliteln\u00e9 II. stupe\u0148 &#8211; voliteln\u00e9 Angli\u010dtina hrav\u011b Medi\u00e1ln\u00ed v\u00fduka Sportovn\u00ed v\u00fdchova P\u0159\u00edrodov\u011bdn\u00e1 praktika \u010ce\u0161tina hrou Dom\u00e1cnost Matematika hrou V\u00fdtvarn\u00fd semin\u00e1\u0159 Cvi\u010den\u00ed z \u010desk\u00e9ho jazyka N\u011bmeck\u00fd jazyk &nbsp; Rusk\u00fd jazyk &nbsp; Z\u00e1klady administrativy &nbsp; Francouzsk\u00fd jazyk I. stupe\u0148 &#8211; nepovinn\u00e9 II. stupe\u0148 &#8211; nepovinn\u00e9 Liter\u00e1rn\u00ed \u010dinnosti Liter\u00e1rn\u00ed \u010dinnosti Dramatick\u00e1 [&hellip;]<\/p>\n","protected":false},"author":1,"featured_media":0,"parent":48027,"menu_order":0,"comment_status":"closed","ping_status":"closed","template":"","meta":{"ngg_post_thumbnail":0,"footnotes":""},"class_list":["post-48039","page","type-page","status-publish","hentry"],"_links":{"self":[{"href":"https:\/\/www.zsben.cz\/wordpress\/index.php?rest_route=\/wp\/v2\/pages\/48039","targetHints":{"allow":["GET"]}}],"collection":[{"href":"https:\/\/www.zsben.cz\/wordpress\/index.php?rest_route=\/wp\/v2\/pages"}],"about":[{"href":"https:\/\/www.zsben.cz\/wordpress\/index.php?rest_route=\/wp\/v2\/types\/page"}],"author":[{"embeddable":true,"href":"https:\/\/www.zsben.cz\/wordpress\/index.php?rest_route=\/wp\/v2\/users\/1"}],"replies":[{"embeddable":true,"href":"https:\/\/www.zsben.cz\/wordpress\/index.php?rest_route=%2Fwp%2Fv2%2Fcomments&post=48039"}],"version-history":[{"count":11,"href":"https:\/\/www.zsben.cz\/wordpress\/index.php?rest_route=\/wp\/v2\/pages\/48039\/revisions"}],"predecessor-version":[{"id":130543,"href":"https:\/\/www.zsben.cz\/wordpress\/index.php?rest_route=\/wp\/v2\/pages\/48039\/revisions\/130543"}],"up":[{"embeddable":true,"href":"https:\/\/www.zsben.cz\/wordpress\/index.php?rest_route=\/wp\/v2\/pages\/48027"}],"wp:attachment":[{"href":"https:\/\/www.zsben.cz\/wordpress\/index.php?rest_route=%2Fwp%2Fv2%2Fmedia&parent=48039"}],"curies":[{"name":"wp","href":"https:\/\/api.w.org\/{rel}","templated":true}]}}