{"id":48030,"date":"2017-01-03T23:55:52","date_gmt":"2017-01-03T22:55:52","guid":{"rendered":"http:\/\/www.zsben.cz\/wordpress\/?page_id=48030"},"modified":"2023-10-22T18:28:27","modified_gmt":"2023-10-22T16:28:27","slug":"tydenni-plan","status":"publish","type":"page","link":"https:\/\/www.zsben.cz\/wordpress\/?page_id=48030","title":{"rendered":"T\u00fddenn\u00ed pl\u00e1n"},"content":{"rendered":"<h2 style=\"text-align: center;\">T\u00fddenn\u00ed pl\u00e1n<\/h2>\n<div class=\"iframe-container iframe-container-4x3\"><iframe loading=\"lazy\" src=\"https:\/\/e-zakajda.zsben.cz\/core\/Events\/PublicModule\" width=\"300\" height=\"300\"><\/iframe><\/div>\n<div class=\"fcbkbttn_buttons_block\" id=\"fcbkbttn_left\"><div class=\"fcbkbttn_like \"><div class=\"fb-like fb-like-button_count\" data-href=\"https:\/\/www.zsben.cz\/wordpress\/?page_id=48030\" data-colorscheme=\"light\" data-layout=\"button_count\" data-action=\"like\"  data-size=\"small\"><\/div><\/div><div class=\"fb-share-button  \" data-href=\"https:\/\/www.zsben.cz\/wordpress\/?page_id=48030\" data-type=\"button_count\" data-size=\"small\"><\/div><\/div>","protected":false},"excerpt":{"rendered":"<p>T\u00fddenn\u00ed pl\u00e1n<\/p>\n","protected":false},"author":1,"featured_media":0,"parent":48027,"menu_order":0,"comment_status":"closed","ping_status":"closed","template":"","meta":{"ngg_post_thumbnail":0,"footnotes":""},"class_list":["post-48030","page","type-page","status-publish","hentry"],"_links":{"self":[{"href":"https:\/\/www.zsben.cz\/wordpress\/index.php?rest_route=\/wp\/v2\/pages\/48030","targetHints":{"allow":["GET"]}}],"collection":[{"href":"https:\/\/www.zsben.cz\/wordpress\/index.php?rest_route=\/wp\/v2\/pages"}],"about":[{"href":"https:\/\/www.zsben.cz\/wordpress\/index.php?rest_route=\/wp\/v2\/types\/page"}],"author":[{"embeddable":true,"href":"https:\/\/www.zsben.cz\/wordpress\/index.php?rest_route=\/wp\/v2\/users\/1"}],"replies":[{"embeddable":true,"href":"https:\/\/www.zsben.cz\/wordpress\/index.php?rest_route=%2Fwp%2Fv2%2Fcomments&post=48030"}],"version-history":[{"count":7,"href":"https:\/\/www.zsben.cz\/wordpress\/index.php?rest_route=\/wp\/v2\/pages\/48030\/revisions"}],"predecessor-version":[{"id":108119,"href":"https:\/\/www.zsben.cz\/wordpress\/index.php?rest_route=\/wp\/v2\/pages\/48030\/revisions\/108119"}],"up":[{"embeddable":true,"href":"https:\/\/www.zsben.cz\/wordpress\/index.php?rest_route=\/wp\/v2\/pages\/48027"}],"wp:attachment":[{"href":"https:\/\/www.zsben.cz\/wordpress\/index.php?rest_route=%2Fwp%2Fv2%2Fmedia&parent=48030"}],"curies":[{"name":"wp","href":"https:\/\/api.w.org\/{rel}","templated":true}]}}