{"id":48020,"date":"2017-01-03T23:36:06","date_gmt":"2017-01-03T22:36:06","guid":{"rendered":"http:\/\/www.zsben.cz\/wordpress\/?page_id=48020"},"modified":"2026-04-23T11:58:34","modified_gmt":"2026-04-23T09:58:34","slug":"domovska-stranka","status":"publish","type":"page","link":"https:\/\/www.zsben.cz\/wordpress\/","title":{"rendered":"Domovsk\u00e1 str\u00e1nka"},"content":{"rendered":"<h1 style=\"text-align: center;\">V\u00edtejte na na\u0161em webu<\/h1>\n<p><a href=\"https:\/\/www.zsben.cz\/wordpress\/wp-content\/uploads\/2026\/04\/Jarnikoncert-1-scaled.jpeg\"><img loading=\"lazy\" decoding=\"async\" class=\"aligncenter size-large wp-image-137164\" src=\"https:\/\/www.zsben.cz\/wordpress\/wp-content\/uploads\/2026\/04\/Jarnikoncert-1-724x1024.jpeg\" alt=\"\" width=\"640\" height=\"905\" srcset=\"https:\/\/www.zsben.cz\/wordpress\/wp-content\/uploads\/2026\/04\/Jarnikoncert-1-724x1024.jpeg 724w, https:\/\/www.zsben.cz\/wordpress\/wp-content\/uploads\/2026\/04\/Jarnikoncert-1-353x500.jpeg 353w, https:\/\/www.zsben.cz\/wordpress\/wp-content\/uploads\/2026\/04\/Jarnikoncert-1-106x150.jpeg 106w, https:\/\/www.zsben.cz\/wordpress\/wp-content\/uploads\/2026\/04\/Jarnikoncert-1-768x1086.jpeg 768w, https:\/\/www.zsben.cz\/wordpress\/wp-content\/uploads\/2026\/04\/Jarnikoncert-1-1086x1536.jpeg 1086w, https:\/\/www.zsben.cz\/wordpress\/wp-content\/uploads\/2026\/04\/Jarnikoncert-1-1448x2048.jpeg 1448w, https:\/\/www.zsben.cz\/wordpress\/wp-content\/uploads\/2026\/04\/Jarnikoncert-1-scaled.jpeg 1810w\" sizes=\"auto, (max-width: 640px) 100vw, 640px\" \/><\/a><\/p>\n<p style=\"text-align: center;\"><br><br><div class=\"row\"><div class=\"col-sm-12 aktuality-header text-center\">Aktuality<\/div><\/div><ul class=\"aktuality\"><li>\n      <a href=\"https:\/\/www.zsben.cz\/wordpress\/?p=137433\" class=\"container-fluid aktuality-post\">\n        <div class=\"row\"><div class=\"col-sm-2\">\n              <div class=\"aktuality-image\"><img decoding=\"async\" src=\"https:\/\/www.zsben.cz\/wordpress\/wp-content\/themes\/zsben-theme\/assets\/img\/aktlogo.png\" class=\"center-block\" alt=\"V\u00fdchoz\u00ed\"><\/div>\n          <\/div>\n          <div class=\"col-sm-10\"><div class=\"row\">\n              <div class=\"col-sm-12\"><div class=\"aktuality-title\">Workshop o rizic\u00edch WhatsAppu pro 4. ro\u010dn\u00edk<\/div><\/div>\n            <\/div>\n            <div class=\"row\">\n              <div class=\"col-sm-12\"><div class=\"aktuality-content\">I kdy\u017e je u\u017e\u00edv\u00e1n\u00ed komunika\u010dn\u00ed platformy WhatsApp ofici\u00e1ln\u011b limitov\u00e1no v\u011bkem 13 let, realita je jin\u00e1. V\u011bt\u0161ina d\u011bt\u00ed pou\u017e\u00edv\u00e1 aplikaci hned od doby, co dostanou sv\u016fj prvn\u00ed mobiln\u00ed telefon. Mlad\u0161\u00ed d\u011bti by...<\/div><\/div>\n            <\/div>\n          <\/div>\n        <\/div>\n      <\/a>\n    <\/li><li>\n      <a href=\"https:\/\/www.zsben.cz\/wordpress\/?p=137425\" class=\"container-fluid aktuality-post\">\n        <div class=\"row\"><div class=\"col-sm-2\">\n              <div class=\"aktuality-image\"><img decoding=\"async\" src=\"https:\/\/www.zsben.cz\/wordpress\/wp-content\/themes\/zsben-theme\/assets\/img\/aktlogo.png\" class=\"center-block\" alt=\"V\u00fdchoz\u00ed\"><\/div>\n          <\/div>\n          <div class=\"col-sm-10\"><div class=\"row\">\n              <div class=\"col-sm-12\"><div class=\"aktuality-title\">Mlad\u00ed zahr\u00e1dk\u00e1\u0159i z Dukelsk\u00e9 v DDM<\/div><\/div>\n            <\/div>\n            <div class=\"row\">\n              <div class=\"col-sm-12\"><div class=\"aktuality-content\">Sout\u011b\u017ee Mlad\u00fd zahr\u00e1dk\u00e1\u0159, kterou v prostor\u00e1ch bene\u0161ovsk\u00e9ho DDM ji\u017e tradi\u010dn\u011b po\u0159\u00e1d\u00e1 m\u00edstn\u00ed organizace \u010cSZ, se letos z\u00fa\u010dastnila \u010dist\u011b chlapeck\u00e1 sestava \u017e\u00e1k\u016f z 5. A a 7. C. P\u0159\u00edpravu kluci nepodcenili a v...<\/div><\/div>\n            <\/div>\n          <\/div>\n        <\/div>\n      <\/a>\n    <\/li><li>\n      <a href=\"https:\/\/www.zsben.cz\/wordpress\/?p=137413\" class=\"container-fluid aktuality-post\">\n        <div class=\"row\"><div class=\"col-sm-2\">\n              <div class=\"aktuality-image\"><img decoding=\"async\" src=\"https:\/\/www.zsben.cz\/wordpress\/wp-content\/themes\/zsben-theme\/assets\/img\/aktlogo.png\" class=\"center-block\" alt=\"V\u00fdchoz\u00ed\"><\/div>\n          <\/div>\n          <div class=\"col-sm-10\"><div class=\"row\">\n              <div class=\"col-sm-12\"><div class=\"aktuality-title\">Vydra\u017ete si z\u00e1\u017eitek s u\u010ditelem a pomozte tak Danielce<\/div><\/div>\n            <\/div>\n            <div class=\"row\">\n              <div class=\"col-sm-12\"><div class=\"aktuality-content\">\r\nV r\u00e1mci jarn\u00ed charitativn\u00ed akce, kter\u00e1 se uskute\u010dn\u00ed ve st\u0159edu 6. kv\u011btna od 17 hodin v M\u011bstsk\u00e9m divadle Na Po\u0161t\u011b, prob\u011bhne obl\u00edben\u00e1 dra\u017eba z\u00e1\u017eitk\u016f s u\u010diteli. \u017d\u00e1k \u010di skupina \u017e\u00e1k\u016f si d\u00edky n\u00ed m\u016f\u017ee u\u017e\u00edt...<\/div><\/div>\n            <\/div>\n          <\/div>\n        <\/div>\n      <\/a>\n    <\/li><li>\n      <a href=\"https:\/\/www.zsben.cz\/wordpress\/?p=137410\" class=\"container-fluid aktuality-post\">\n        <div class=\"row\"><div class=\"col-sm-2\">\n              <div class=\"aktuality-image\"><img decoding=\"async\" src=\"https:\/\/www.zsben.cz\/wordpress\/wp-content\/gallery\/kooper\/\/thumbs\/thumbs_1777112221911.jpg\" class=\"center-block\" alt=\"post image\"><\/div>\n          <\/div>\n          <div class=\"col-sm-10\"><div class=\"row\">\n              <div class=\"col-sm-12\"><div class=\"aktuality-title\">Den Zem\u011b ve \u0161koln\u00ed dru\u017ein\u011b<\/div><\/div>\n            <\/div>\n            <div class=\"row\">\n              <div class=\"col-sm-12\"><div class=\"aktuality-content\">Den Zem\u011b, kter\u00fd si ka\u017edoro\u010dn\u011b p\u0159ipom\u00edn\u00e1me 22. dubna, je v\u011bnov\u00e1n ochran\u011b na\u0161\u00ed planety a vede k zamy\u0161len\u00ed nad t\u00edm, jak sv\u00fdm chov\u00e1n\u00edm ovliv\u0148ujeme \u017eivotn\u00ed prost\u0159ed\u00ed kolem n\u00e1s. Tak\u00e9 v na\u0161\u00ed \u0161koln\u00ed dru\u017ein\u011b...<\/div><\/div>\n            <\/div>\n          <\/div>\n        <\/div>\n      <\/a>\n    <\/li><li>\n      <a href=\"https:\/\/www.zsben.cz\/wordpress\/?p=137322\" class=\"container-fluid aktuality-post\">\n        <div class=\"row\"><div class=\"col-sm-2\">\n              <div class=\"aktuality-image\"><img decoding=\"async\" src=\"https:\/\/www.zsben.cz\/wordpress\/wp-content\/gallery\/trilopark\/\/thumbs\/thumbs_1776200427264.jpg\" class=\"center-block\" alt=\"post image\"><\/div>\n          <\/div>\n          <div class=\"col-sm-10\"><div class=\"row\">\n              <div class=\"col-sm-12\"><div class=\"aktuality-title\">V\u00fdlet \u0161koln\u00ed dru\u017einy do Triloparku<\/div><\/div>\n            <\/div>\n            <div class=\"row\">\n              <div class=\"col-sm-12\"><div class=\"aktuality-content\">T\u0159et\u00ed a dev\u00e1t\u00e9 odd\u011blen\u00ed \u0161koln\u00ed dru\u017einy se v dubnu vydalo na zaj\u00edmav\u00fd v\u00fdlet do Triloparku, kde jsme se spole\u010dn\u011b pono\u0159ili do d\u00e1vn\u00e9 historie na\u0161\u00ed planety. Hned po p\u0159\u00edchodu n\u00e1s p\u0159iv\u00edtali mil\u00ed lekto\u0159i,...<\/div><\/div>\n            <\/div>\n          <\/div>\n        <\/div>\n      <\/a>\n    <\/li><\/ul><div class=\"row aktuality-links\"><div class=\"col-sm-9 col-md-10 text-center\"><ul class=\"aktuality pagination\"><li><span aria-current=\"page\" class=\"page-numbers current\">1<\/span><\/li><li><a class=\"page-numbers\" href=\"https:\/\/www.zsben.cz\/wordpress\/index.php\/?paged=2&#038;rest_route=%2Fwp%2Fv2%2Fpages%2F48020\">2<\/a><\/li><li><a class=\"page-numbers\" href=\"https:\/\/www.zsben.cz\/wordpress\/index.php\/?paged=3&#038;rest_route=%2Fwp%2Fv2%2Fpages%2F48020\">3<\/a><\/li><li><span class=\"page-numbers dots\">&hellip;<\/span><\/li><li><a class=\"page-numbers\" href=\"https:\/\/www.zsben.cz\/wordpress\/index.php\/?paged=655&#038;rest_route=%2Fwp%2Fv2%2Fpages%2F48020\">655<\/a><\/li><li><a class=\"next page-numbers\" href=\"https:\/\/www.zsben.cz\/wordpress\/index.php\/?paged=2&#038;rest_route=%2Fwp%2Fv2%2Fpages%2F48020\">\u00bb<\/a><\/li><\/ul><\/div><div class=\"col-sm-3 col-md-2 txt-align\"><a href=\".\/?p=3509\" id=\"archiv-link\">Archiv<\/a><\/div><\/div><\/p>\n<p>&nbsp;<\/p>\n<hr class=\"divider\">\n<div class=\"row text-center\">\n<div><a href=\"https:\/\/www.zsben.cz\/wordpress\/wp-content\/uploads\/2020\/11\/projekt.pdf\"><img loading=\"lazy\" decoding=\"async\" class=\"alignnone size-full wp-image-84206\" src=\"https:\/\/www.zsben.cz\/wordpress\/wp-content\/uploads\/2020\/11\/baner.jpg\" alt=\"\" width=\"275\" height=\"40\" srcset=\"https:\/\/www.zsben.cz\/wordpress\/wp-content\/uploads\/2020\/11\/baner.jpg 275w, https:\/\/www.zsben.cz\/wordpress\/wp-content\/uploads\/2020\/11\/baner-150x22.jpg 150w\" sizes=\"auto, (max-width: 275px) 100vw, 275px\" \/><\/a><\/div>\n<div class=\"col-xs-2\"><a href=\"http:\/\/europa.eu\/index_cs.htm\" target=\"_blank\" rel=\"noopener noreferrer\"><img loading=\"lazy\" decoding=\"async\" src=\"https:\/\/www.zsben.cz\/wordpress\/wp-content\/themes\/zsben-theme\/assets\/img\/projekty\/logo-evropska-unie.gif\" alt=\"Evropsk\u00e1 unie\" width=\"49\" height=\"40\"><\/a><\/div>\n<div class=\"col-xs-2\"><a href=\"http:\/\/www.msmt.cz\/\" target=\"_blank\" rel=\"noopener noreferrer\"><img loading=\"lazy\" decoding=\"async\" src=\"https:\/\/www.zsben.cz\/wordpress\/wp-content\/themes\/zsben-theme\/assets\/img\/projekty\/logo-ministerstvo-skolstvi-mladeze-a-telovychovy.gif\" alt=\"Ministerstvo \u0161kolstv\u00ed, ml\u00e1de\u017ee a t\u011blov\u00fdchovy\" width=\"83\" height=\"40\"><\/a><\/div>\n<div class=\"col-xs-2\"><a href=\"https:\/\/www.zsben.cz\/wordpress\/?page_id=135606\" target=\"_blank\" rel=\"noopener noreferrer\"><img loading=\"lazy\" decoding=\"async\" src=\"https:\/\/www.zsben.cz\/wordpress\/wp-content\/themes\/zsben-theme\/assets\/img\/projekty\/etwinning2.png\" alt=\"eTwinning\" width=\"52\" height=\"40\"><\/a><\/div>\n<div class=\"col-xs-2\"><a href=\"https:\/\/www.zsben.cz\/wordpress\/?page_id=135635\" target=\"_blank\" rel=\"noopener noreferrer\"><img loading=\"lazy\" decoding=\"async\" class=\"alignnone\" src=\"https:\/\/www.zsben.cz\/wordpress\/wp-content\/themes\/zsben-theme\/assets\/img\/projekty\/EU.png\" alt=\"Erasmus\" width=\"120\" height=\"40\"><\/a><\/div>\n<div class=\"col-xs-2\"><a href=\"https:\/\/www.planobnovycr.cz\/\"><img loading=\"lazy\" decoding=\"async\" class=\"alignnone wp-image-100346 size-full\" src=\"https:\/\/www.zsben.cz\/wordpress\/wp-content\/uploads\/2023\/02\/NPO-.png\" alt=\"N\u00e1rodn\u00ed pl\u00e1n obnovy\" width=\"103\" height=\"45\"><\/a><\/div>\n<div class=\"col-xs-2\"><a href=\"https:\/\/www.zsben.cz\/wordpress\/wp-content\/uploads\/2026\/01\/DOFE-projekt.pdf\"><img loading=\"lazy\" decoding=\"async\" class=\"alignnone wp-image-100346 size-full\" src=\"https:\/\/www.zsben.cz\/wordpress\/wp-content\/themes\/zsben-theme\/assets\/img\/projekty\/DOFE.jpg\" alt=\"DOFE\" width=\"103\" height=\"45\"><\/a><\/div>\n<\/div>\n<div id=\"projekty\" class=\"row\">\n<div class=\"col-sm-12\">INVESTICE DO ROZVOJE VZD\u011aL\u00c1V\u00c1N\u00cd<\/div>\n<\/div>\n<div class=\"ddict_btn\" style=\"top: 142px; left: 959.234px;\">&nbsp;<\/div>\n<div class=\"fcbkbttn_buttons_block\" id=\"fcbkbttn_left\"><div class=\"fcbkbttn_like \"><div class=\"fb-like fb-like-button_count\" data-href=\"https:\/\/www.zsben.cz\/wordpress\/\" data-colorscheme=\"light\" data-layout=\"button_count\" data-action=\"like\"  data-size=\"small\"><\/div><\/div><div class=\"fb-share-button  \" data-href=\"https:\/\/www.zsben.cz\/wordpress\/\" data-type=\"button_count\" data-size=\"small\"><\/div><\/div>","protected":false},"excerpt":{"rendered":"<p>V\u00edtejte na na\u0161em webu &nbsp; INVESTICE DO ROZVOJE VZD\u011aL\u00c1V\u00c1N\u00cd &nbsp;<\/p>\n","protected":false},"author":1,"featured_media":0,"parent":0,"menu_order":0,"comment_status":"closed","ping_status":"closed","template":"","meta":{"ngg_post_thumbnail":0,"footnotes":""},"class_list":["post-48020","page","type-page","status-publish","hentry"],"_links":{"self":[{"href":"https:\/\/www.zsben.cz\/wordpress\/index.php?rest_route=\/wp\/v2\/pages\/48020","targetHints":{"allow":["GET"]}}],"collection":[{"href":"https:\/\/www.zsben.cz\/wordpress\/index.php?rest_route=\/wp\/v2\/pages"}],"about":[{"href":"https:\/\/www.zsben.cz\/wordpress\/index.php?rest_route=\/wp\/v2\/types\/page"}],"author":[{"embeddable":true,"href":"https:\/\/www.zsben.cz\/wordpress\/index.php?rest_route=\/wp\/v2\/users\/1"}],"replies":[{"embeddable":true,"href":"https:\/\/www.zsben.cz\/wordpress\/index.php?rest_route=%2Fwp%2Fv2%2Fcomments&post=48020"}],"version-history":[{"count":101,"href":"https:\/\/www.zsben.cz\/wordpress\/index.php?rest_route=\/wp\/v2\/pages\/48020\/revisions"}],"predecessor-version":[{"id":137165,"href":"https:\/\/www.zsben.cz\/wordpress\/index.php?rest_route=\/wp\/v2\/pages\/48020\/revisions\/137165"}],"wp:attachment":[{"href":"https:\/\/www.zsben.cz\/wordpress\/index.php?rest_route=%2Fwp%2Fv2%2Fmedia&parent=48020"}],"curies":[{"name":"wp","href":"https:\/\/api.w.org\/{rel}","templated":true}]}}