{"id":8117,"date":"2019-02-05T10:16:36","date_gmt":"2019-02-05T09:16:36","guid":{"rendered":"https:\/\/www.zsben.cz\/labyrint\/?page_id=8117"},"modified":"2019-02-05T10:16:36","modified_gmt":"2019-02-05T09:16:36","slug":"dukla-ma-talent-vi","status":"publish","type":"page","link":"https:\/\/www.zsben.cz\/labyrint\/?page_id=8117","title":{"rendered":"Dukla m\u00e1 TALENT VI."},"content":{"rendered":"<p>Ji\u017e po \u0161est\u00e9 se na na\u0161\u00ed \u0161kole konala sout\u011b\u017e Dukla m\u00e1 TALENT, kterou po\u0159\u00e1d\u00e1 n\u00e1\u0161 \u010dasopis s podporou veden\u00ed \u0161koly. Den castingu neboli prvn\u00ed kolo prob\u011bhlo ve st\u0159edu 21. listopadu 2018. Leto\u0161n\u00ed ro\u010dn\u00edk byl jin\u00fd hned v n\u011bkolika v\u011bcech \u2013 celou sout\u011b\u017e p\u0159ipravovala a po\u0159\u00e1dala nov\u00e1 vedouc\u00ed redakce \u0161koln\u00edho \u010dasopisu Mgr. Marcela Vlkannov\u00e1, kter\u00e1 nem\u011bla rozhodn\u011b lehk\u00fd \u00fakol, a poprv\u00e9 tak\u00e9 v porot\u011b zasedla pan\u00ed u\u010ditelka 2. stupn\u011b Tereza Landov\u00e1.<\/p>\n<p>Casting se ji\u017e tradi\u010dn\u011b uskute\u010dnil v prostor\u00e1ch \u0161koln\u00ed t\u011blocvi\u010dny, kde 21 sout\u011b\u017e\u00edc\u00edch a skupin p\u0159edvedlo r\u016fznorod\u00e1 vystoupen\u00ed, kter\u00e1 byla rozd\u011blena do dvou blok\u016f. Porota ve slo\u017een\u00ed Sv\u011btlana Mix\u00e1nov\u00e1, Eva Pojerov\u00e1, Hana Pecha\u010dov\u00e1, Tereza Landov\u00e1 a David Vesel\u00fd m\u011bla nelehk\u00fd \u00fakol \u2013 vybrat dvan\u00e1ct postupuj\u00edc\u00edch do fin\u00e1le sout\u011b\u017ee. M\u011bla mo\u017enost vid\u011bt nejen tane\u010dn\u00ed, hudebn\u00ed a recita\u010dn\u00ed vystoupen\u00ed, ale tak\u00e9 gymnastiku, stand up comedy nebo karate. V\u0161echna vystoupen\u00ed byla moc hezk\u00e1 a porota ocenila odvahu v\u0161ech sout\u011b\u017e\u00edc\u00edch, kte\u0159\u00ed se dok\u00e1zali postavit p\u0159ed publikum a uk\u00e1zat, na co maj\u00ed talent.<\/p>\n<p>Vyb\u00edr\u00e1n\u00ed finalist\u016f bylo hodn\u011b t\u011b\u017ek\u00e9 a n\u00e1ro\u010dn\u00e9, porota jich nakonec vybrala dvan\u00e1ct a ud\u011blila dv\u011b zvl\u00e1\u0161tn\u00ed ocen\u011bn\u00ed poroty za dobr\u00fd v\u00fdkon. P\u0159i porad\u00e1ch poroty byl \u010das vypln\u011bn uk\u00e1zkou l\u00e9t\u00e1n\u00ed modelu letadla. T\u00e9to \u010dinnosti se v\u011bnuje \u017e\u00e1k \u0161koly a b\u00fdval\u00fd \u010dlen \u010dasopisu Martin Popovsk\u00fd. V t\u00fdmu si zal\u00e9tal s Danielem \u0160eborem. <strong>Budeme se t\u011b\u0161it na velk\u00e9 fin\u00e1le ve st\u0159edu 20. \u00fanora 2019 od 15h v t\u011blocvi\u010dn\u011b \u0161koly!<\/strong><\/p>\n<blockquote><p><strong>Do fin\u00e1le sout\u011b\u017ee postoupilo t\u011bchto 12 sout\u011b\u017e\u00edc\u00edch:<\/strong><\/p>\n<ul>\n<li>Pessrov\u00e1 a K. Vlachov\u00e1 (2. A) \u2013 ma\u017eoretky<\/li>\n<li>\u010ceperov\u00e1 (2. C) \u2013 recitace<\/li>\n<li>\u0160kvorov\u00e1 (3. B) \u2013 hra na fl\u00e9tnu<\/li>\n<li>V\u00e1vra (3. D) \u2013 karate<\/li>\n<li>Sourozenci P\u00edchovi (1. C, 3. C, 5. A) \u2013 hra na dechov\u00e9 n\u00e1stroje<\/li>\n<li>\u0160D \u010d. 7 (M. He\u0159manov\u00e1, S. Machov\u00e1, S. Pechov\u00e1, E. Podhorsk\u00e1, V. \u0160olcov\u00e1, L. Vintnerov\u00e1, T. Vol\u00e1kov\u00e1) \u2013 tanec<\/li>\n<li>Sochov\u00e1 (4. C) \u2013 ma\u017eoretka<\/li>\n<li>Tur\u010d\u00edkov\u00e1 (4. C) \u2013 tanec<\/li>\n<li>V\u00e1chov\u00e1 (5. A) \u2013 zp\u011bv<\/li>\n<li>Zel\u00edkov\u00e1 (6. B) \u2013 hra na kytaru<\/li>\n<li>Tom\u00e1\u0161kov\u00e1, K. Pl\u00e1\u0161ilov\u00e1, (8. A, 8. B) \u2013 gymnastika<\/li>\n<li>Pefkov\u00e1, E. Soch\u016frkov\u00e1 (8. A) \u2013 gymnastika<\/li>\n<\/ul>\n<p><strong>Zvl\u00e1\u0161tn\u00ed ocen\u011bn\u00ed poroty z\u00edskali:<\/strong><\/p>\n<ul>\n<li>S. Pechov\u00e1 (2. A) \u2013 hra na kl\u00e1vesy<\/li>\n<li>A. Lobiv (5. A) \u2013 recitace<\/li>\n<\/ul>\n<\/blockquote>\n","protected":false},"excerpt":{"rendered":"<p>Ji\u017e po \u0161est\u00e9 se na na\u0161\u00ed \u0161kole konala sout\u011b\u017e Dukla m\u00e1 TALENT, kterou po\u0159\u00e1d\u00e1 n\u00e1\u0161 \u010dasopis s podporou veden\u00ed \u0161koly. Den castingu neboli prvn\u00ed kolo&hellip; <\/p>\n","protected":false},"author":13,"featured_media":0,"parent":0,"menu_order":0,"comment_status":"closed","ping_status":"closed","template":"","meta":{"footnotes":""},"class_list":["post-8117","page","type-page","status-publish","hentry"],"_links":{"self":[{"href":"https:\/\/www.zsben.cz\/labyrint\/index.php?rest_route=\/wp\/v2\/pages\/8117","targetHints":{"allow":["GET"]}}],"collection":[{"href":"https:\/\/www.zsben.cz\/labyrint\/index.php?rest_route=\/wp\/v2\/pages"}],"about":[{"href":"https:\/\/www.zsben.cz\/labyrint\/index.php?rest_route=\/wp\/v2\/types\/page"}],"author":[{"embeddable":true,"href":"https:\/\/www.zsben.cz\/labyrint\/index.php?rest_route=\/wp\/v2\/users\/13"}],"replies":[{"embeddable":true,"href":"https:\/\/www.zsben.cz\/labyrint\/index.php?rest_route=%2Fwp%2Fv2%2Fcomments&post=8117"}],"version-history":[{"count":2,"href":"https:\/\/www.zsben.cz\/labyrint\/index.php?rest_route=\/wp\/v2\/pages\/8117\/revisions"}],"predecessor-version":[{"id":8119,"href":"https:\/\/www.zsben.cz\/labyrint\/index.php?rest_route=\/wp\/v2\/pages\/8117\/revisions\/8119"}],"wp:attachment":[{"href":"https:\/\/www.zsben.cz\/labyrint\/index.php?rest_route=%2Fwp%2Fv2%2Fmedia&parent=8117"}],"curies":[{"name":"wp","href":"https:\/\/api.w.org\/{rel}","templated":true}]}}