{"id":3594,"date":"2016-01-05T19:54:36","date_gmt":"2016-01-05T18:54:36","guid":{"rendered":"http:\/\/www1.zsben.cz\/labyrint\/?page_id=3594"},"modified":"2023-09-20T10:47:28","modified_gmt":"2023-09-20T08:47:28","slug":"redakcni-rada-casopisu","status":"publish","type":"page","link":"https:\/\/www.zsben.cz\/labyrint\/?page_id=3594","title":{"rendered":"Redak\u010dn\u00ed rada LABYRINTU: \u0161koln\u00edho \u010dasopisu"},"content":{"rendered":"<p style=\"text-align: center;\"><span style=\"color: #ffffff; background-color: #ff0000;\"><strong>\u00a0 VEDOUC\u00cd REDAK\u010cN\u00cd RADY, U\u010cITELKA LITER\u00c1RN\u00cd \u010cINNOSTI\u00a0\u00a0<\/strong><\/span><br \/>\n<strong>Mgr. Marcela VLKANNOVA<\/strong><br \/>\nkabinet \u010desk\u00e9ho jazyka<br \/>\nvlkannova@zsben.cz<\/p>\n<p style=\"text-align: center;\"><span style=\"background-color: #0000ff; color: #ffffff;\"><strong>\u00a0 \u0160\u00c9FREDAKTOR LABYRINTU: \u0160KOLN\u00cdHO \u010cASOPISU\u00a0\u00a0<\/strong><\/span><br \/>\n<strong>Tereza Dvo\u0159\u00e1kov\u00e1, 9. E<br \/>\n<\/strong>dvorakova_tereza@zsben.cz<\/p>\n<p style=\"text-align: center;\"><span style=\"color: #000000; background-color: #ffff00;\"><strong>\u00a0 REDAKTO\u0158I LABYRINTU: \u0160KOLN\u00cdHO \u010cASOPISU\u00a0\u00a0<\/strong><\/span><\/p>\n<p style=\"text-align: center;\">\u00a0 \u00a0 \u00a0 \u00a0 \u00a0 \u00a0 \u00a0 \u00a0 \u00a0 \u00a0 \u00a0 \u00a0 \u00a0 \u00a0 \u00a0 \u00a0 \u00a0 \u00a0 \u00a0 \u00a0 \u00a0 \u00a0 \u00a0 \u00a0 \u00a0 \u00a0 \u00a0 \u00a0 \u00a0 \u00a0 \u00a0 \u00a0 \u00a0<strong> \u00a0 \u00a0 Julie Pechov\u00e1, 5. C\u00a0 \u00a0 \u00a0 \u00a0 \u00a0<\/strong> \u00a0 \u00a0 \u00a0 \u00a0 \u00a0 \u00a0 \u00a0 \u00a0 \u00a0 \u00a0 \u00a0 \u00a0 \u00a0 \u00a0 \u00a0 \u00a0 \u00a0 \u00a0 \u00a0 \u00a0 \u00a0 \u00a0 \u00a0 \u00a0 \u00a0 \u00a0 \u00a0 \u00a0 \u00a0 \u00a0 \u00a0 pechova_julie@zsben.cz<\/p>\n<p style=\"text-align: center;\"><strong>\u00a0 \u00a0 Kate\u0159ina \u010ceperov\u00e1, 7. E<br \/>\n<\/strong>buckova_mariana@zsben.cz<\/p>\n<div style=\"text-align: center;\"><strong>Mariana Bu\u010dkov\u00e1, 7. D<br \/>\n<\/strong>buckova_mariana@zsben.cz<\/div>\n<div style=\"text-align: center;\">\n<div><\/div>\n<div><strong>Ji\u0159\u00ed Medek, 7. D<br \/>\n<\/strong>medek_jiri@zsben.cz<\/div>\n<div><\/div>\n<div><strong>Nicolas Moko\u0161, 9. E<br \/>\n<\/strong>mokos_nicolas@zsben.cz<\/div>\n<\/div>\n<div><\/div>\n<div style=\"text-align: center;\"><strong>Mat\u011bj Smetana, 8. E<br \/>\n<\/strong>smetana_matej@zsben.cz<\/div>\n<div style=\"text-align: center;\"><\/div>\n<p style=\"text-align: center;\"><span style=\"color: #ffffff; background-color: #0000ff;\"><strong>\u00a0 SPR\u00c1VCE WEBOV\u00c9HO \u010cASOPISU, GRAFIKA\u00a0\u00a0<\/strong><\/span><br \/>\n<strong>Mgr. Lubor BR\u00c1ZDA<\/strong><br \/>\nbrazda@zsben.cz<\/p>\n<p style=\"text-align: center;\"><span style=\"color: #000000; background-color: #ffff00;\"><strong>\u00a0 KOREKTORKA TI\u0160T\u011aN\u00c9 VERZE \u010cASOPISU\u00a0\u00a0<\/strong><\/span><br \/>\n<strong>Mgr. Blanka VRKOSLAVOV\u00c1<\/strong><br \/>\nvrkoslavova@zsben.cz<\/p>\n<p style=\"text-align: center;\"><span style=\"color: #ffffff; background-color: #ff0000;\"><strong>\u00a0 OBR\u00c1ZKY DO TI\u0160T\u011aN\u00c9 VERZE POSKYTUJ\u00cd\u00a0\u00a0<\/strong><\/span><br \/>\n<strong>Mgr. Eva FI\u0160EROV\u00c1<\/strong><br \/>\nfiserova@zsben.cz<\/p>\n<blockquote>\n<p style=\"text-align: justify;\">Redak\u010dn\u00ed rada aktualizovan\u00e1 8. 9. 2023<\/p>\n<\/blockquote>\n","protected":false},"excerpt":{"rendered":"<p>\u00a0 VEDOUC\u00cd REDAK\u010cN\u00cd RADY, U\u010cITELKA LITER\u00c1RN\u00cd \u010cINNOSTI\u00a0\u00a0 Mgr. Marcela VLKANNOVA kabinet \u010desk\u00e9ho jazyka vlkannova@zsben.cz \u00a0 \u0160\u00c9FREDAKTOR LABYRINTU: \u0160KOLN\u00cdHO \u010cASOPISU\u00a0\u00a0 Tereza Dvo\u0159\u00e1kov\u00e1, 9. E dvorakova_tereza@zsben.cz \u00a0&hellip; <\/p>\n","protected":false},"author":13,"featured_media":0,"parent":0,"menu_order":0,"comment_status":"closed","ping_status":"closed","template":"","meta":{"footnotes":""},"class_list":["post-3594","page","type-page","status-publish","hentry"],"_links":{"self":[{"href":"https:\/\/www.zsben.cz\/labyrint\/index.php?rest_route=\/wp\/v2\/pages\/3594","targetHints":{"allow":["GET"]}}],"collection":[{"href":"https:\/\/www.zsben.cz\/labyrint\/index.php?rest_route=\/wp\/v2\/pages"}],"about":[{"href":"https:\/\/www.zsben.cz\/labyrint\/index.php?rest_route=\/wp\/v2\/types\/page"}],"author":[{"embeddable":true,"href":"https:\/\/www.zsben.cz\/labyrint\/index.php?rest_route=\/wp\/v2\/users\/13"}],"replies":[{"embeddable":true,"href":"https:\/\/www.zsben.cz\/labyrint\/index.php?rest_route=%2Fwp%2Fv2%2Fcomments&post=3594"}],"version-history":[{"count":78,"href":"https:\/\/www.zsben.cz\/labyrint\/index.php?rest_route=\/wp\/v2\/pages\/3594\/revisions"}],"predecessor-version":[{"id":13871,"href":"https:\/\/www.zsben.cz\/labyrint\/index.php?rest_route=\/wp\/v2\/pages\/3594\/revisions\/13871"}],"wp:attachment":[{"href":"https:\/\/www.zsben.cz\/labyrint\/index.php?rest_route=%2Fwp%2Fv2%2Fmedia&parent=3594"}],"curies":[{"name":"wp","href":"https:\/\/api.w.org\/{rel}","templated":true}]}}