{"id":1996,"date":"2015-09-24T19:23:42","date_gmt":"2015-09-24T18:23:42","guid":{"rendered":"http:\/\/www1.zsben.cz\/labyrint\/?page_id=1996"},"modified":"2026-04-26T22:38:25","modified_gmt":"2026-04-26T20:38:25","slug":"co-jsme-kdy-vyhrali","status":"publish","type":"page","link":"https:\/\/www.zsben.cz\/labyrint\/?page_id=1996","title":{"rendered":"Ocen\u011bn\u00ed na\u0161eho \u010dasopisu"},"content":{"rendered":"<p style=\"text-align: center;\"><a href=\"http:\/\/www.zsben.cz\/labyrint\/wp-content\/uploads\/2015\/09\/titulka-Labyrint-e1443118684675.jpg\"><img loading=\"lazy\" decoding=\"async\" class=\" wp-image-2037 aligncenter\" src=\"http:\/\/www.zsben.cz\/labyrint\/wp-content\/uploads\/2015\/09\/titulka-Labyrint-e1443118684675-300x216.jpg\" alt=\"titulka Labyrint\" width=\"269\" height=\"194\" srcset=\"https:\/\/www.zsben.cz\/labyrint\/wp-content\/uploads\/2015\/09\/titulka-Labyrint-e1443118684675-300x216.jpg 300w, https:\/\/www.zsben.cz\/labyrint\/wp-content\/uploads\/2015\/09\/titulka-Labyrint-e1443118684675-1024x739.jpg 1024w\" sizes=\"auto, (max-width: 269px) 100vw, 269px\" \/><\/a><strong>KRAJSK\u00c9 KOLO 2014 &#8211; OCEN\u011aN\u00cd TITULKA <em>(TI\u0160T\u011aN\u00dd \u010cASOPIS)<\/em><\/strong><a href=\"http:\/\/www.zsben.cz\/labyrint\/wp-content\/uploads\/2015\/09\/titulka-Labyrint-e1443118684675.jpg\"><br \/><\/a><\/p>\n<p style=\"text-align: center;\"><img loading=\"lazy\" decoding=\"async\" class=\" size-medium wp-image-2033 aligncenter\" src=\"http:\/\/www.zsben.cz\/labyrint\/wp-content\/uploads\/2015\/09\/diplom-Labyrint-e1443118737890-300x216.jpg\" alt=\"diplom Labyrint\" width=\"300\" height=\"216\" srcset=\"https:\/\/www.zsben.cz\/labyrint\/wp-content\/uploads\/2015\/09\/diplom-Labyrint-e1443118737890-300x216.jpg 300w, https:\/\/www.zsben.cz\/labyrint\/wp-content\/uploads\/2015\/09\/diplom-Labyrint-e1443118737890-1024x739.jpg 1024w\" sizes=\"auto, (max-width: 300px) 100vw, 300px\" \/><strong>KRAJSK\u00c9 KOLO 2014 &#8211; III. M\u00cdSTO V KATEGORII II. STUPE\u0147 <em>(TI\u0160T\u011aN\u00dd \u010cASOPIS)<\/em><\/strong><a href=\"http:\/\/www.zsben.cz\/labyrint\/wp-content\/uploads\/2015\/09\/titulka-Labyrint-e1443118684675.jpg\"><br \/><\/a><a href=\"http:\/\/www.zsben.cz\/labyrint\/wp-content\/uploads\/2015\/09\/Cena-poroty-e1443118747591.jpg\"><img loading=\"lazy\" decoding=\"async\" class=\" size-medium wp-image-2032 aligncenter\" src=\"http:\/\/www.zsben.cz\/labyrint\/wp-content\/uploads\/2015\/09\/Cena-poroty-e1443118747591-300x218.jpg\" alt=\"Cena poroty\" width=\"300\" height=\"218\" srcset=\"https:\/\/www.zsben.cz\/labyrint\/wp-content\/uploads\/2015\/09\/Cena-poroty-e1443118747591-300x218.jpg 300w, https:\/\/www.zsben.cz\/labyrint\/wp-content\/uploads\/2015\/09\/Cena-poroty-e1443118747591-1024x743.jpg 1024w, https:\/\/www.zsben.cz\/labyrint\/wp-content\/uploads\/2015\/09\/Cena-poroty-e1443118747591.jpg 1168w\" sizes=\"auto, (max-width: 300px) 100vw, 300px\" \/><\/a><strong>CELOREPUBLIKOV\u00c9 FIN\u00c1LE 2014 &#8211; CENA POROTY <em>(TI\u0160T\u011aN\u00dd \u010cASOPIS)<\/em><\/strong><\/p>\n<p style=\"text-align: center;\"><img loading=\"lazy\" decoding=\"async\" class=\" size-medium wp-image-2031 aligncenter\" src=\"http:\/\/www.zsben.cz\/labyrint\/wp-content\/uploads\/2015\/09\/2015-sout\u011b\u017e-krajsk\u00e9-kolo-300x217.jpg\" alt=\"2015 sout\u011b\u017e krajsk\u00e9 kolo\" width=\"300\" height=\"217\" srcset=\"https:\/\/www.zsben.cz\/labyrint\/wp-content\/uploads\/2015\/09\/2015-sout\u011b\u017e-krajsk\u00e9-kolo-300x217.jpg 300w, https:\/\/www.zsben.cz\/labyrint\/wp-content\/uploads\/2015\/09\/2015-sout\u011b\u017e-krajsk\u00e9-kolo-1024x741.jpg 1024w\" sizes=\"auto, (max-width: 300px) 100vw, 300px\" \/><strong>KRAJSK\u00c9 KOLO 2015 &#8211; III. M\u00cdSTO V KATEGORII 1. a 2. STUPE\u0147 <em>(TI\u0160T\u011aN\u00dd \u010cASOPIS)<\/em><\/strong><\/p>\n<p style=\"text-align: center;\"><a href=\"http:\/\/www.zsben.cz\/labyrint\/wp-content\/uploads\/2015\/11\/Sout\u011b\u017e-2015-30.11.-Brno-e1448911683289.jpg\"><img loading=\"lazy\" decoding=\"async\" class=\"size-medium wp-image-3156 aligncenter\" src=\"http:\/\/www.zsben.cz\/labyrint\/wp-content\/uploads\/2015\/11\/Sout\u011b\u017e-2015-30.11.-Brno-e1448911683289-300x216.jpg\" alt=\"Sout\u011b\u017e 2015 30.11. Brno\" width=\"300\" height=\"216\" \/><\/a><strong>CELOREPUBLIKOV\u00c9 FIN\u00c1LE 2015 &#8211; II. M\u00cdSTO V KATEGORII WEB <em>(WEBOV\u00dd \u010cASOPIS)<\/em><\/strong><a href=\"http:\/\/www.zsben.cz\/labyrint\/wp-content\/uploads\/2015\/09\/titulka-Labyrint-e1443118684675.jpg\"><br \/><\/a><\/p>\n<p style=\"text-align: center;\"><img loading=\"lazy\" decoding=\"async\" class=\"size-medium wp-image-4109 aligncenter\" src=\"http:\/\/www.zsben.cz\/labyrint\/wp-content\/uploads\/2016\/04\/Diplom-2016-kraj-e1460872253567-300x218.bmp\" alt=\"Diplom 2016 kraj\" width=\"300\" height=\"218\" \/><\/p>\n<p style=\"text-align: center;\"><strong>KRAJSK\u00c9 KOLO 2016 &#8211; II. M\u00cdSTO V KATEGORII WEB <em>(WEBOV\u00dd \u010cASOPIS)<\/em><\/strong><\/p>\n<p style=\"text-align: center;\"><img loading=\"lazy\" decoding=\"async\" class=\"size-medium wp-image-4108 aligncenter\" src=\"http:\/\/www.zsben.cz\/labyrint\/wp-content\/uploads\/2016\/04\/Diplom-2016-2-e1460872274979-300x218.bmp\" alt=\"Diplom 2016 2\" width=\"300\" height=\"218\" \/><strong>KRAJSK\u00c9 KOLO 2016 &#8211; ZVL\u00c1\u0160TN\u00cd CENA POROTY <em>(TI\u0160T\u011aN\u00dd \u010cASOPIS)<\/em><\/strong><\/p>\n<p style=\"text-align: center;\"><span style=\"font-size: 14pt;\"><strong><img loading=\"lazy\" decoding=\"async\" class=\"wp-image-4995 aligncenter\" src=\"http:\/\/www.zsben.cz\/labyrint\/wp-content\/uploads\/2016\/12\/Diplom-1.-m\u00edsto-web-2016-218x300.bmp\" alt=\"diplom-1-misto-web-2016\" width=\"305\" height=\"420\" \/><\/strong><\/span><strong>CELOREPUBLIKOV\u00c9 FIN\u00c1LE 2016 &#8211; I. M\u00cdSTO V KATEGORII WEB <em>(WEBOV\u00dd \u010cASOPIS)<\/em><\/strong><\/p>\n<p style=\"text-align: center;\"><img loading=\"lazy\" decoding=\"async\" class=\"size-medium wp-image-6084 aligncenter\" src=\"https:\/\/www.zsben.cz\/labyrint\/wp-content\/uploads\/2017\/05\/asopis-roku-2017-ti\u0161t\u011bn\u00fd-2.-m\u00edsto-e1494010635932-300x218.jpg\" alt=\"\" width=\"300\" height=\"218\" \/><\/p>\n<p style=\"text-align: center;\"><strong>KRAJSK\u00c9 KOLO 2017 &#8211; II. M\u00cdSTO V KATEGORII TI\u0160T\u011aN\u00dd \u010cASOPIS <em>(TI\u0160T\u011aN\u00dd \u010cASOPIS)<\/em><\/strong><a href=\"http:\/\/www.zsben.cz\/labyrint\/wp-content\/uploads\/2015\/09\/titulka-Labyrint-e1443118684675.jpg\"><br \/><\/a><\/p>\n<p style=\"text-align: center;\"><img loading=\"lazy\" decoding=\"async\" class=\"size-medium wp-image-6085 aligncenter\" src=\"https:\/\/www.zsben.cz\/labyrint\/wp-content\/uploads\/2017\/05\/asopis-roku-2017-web-3.-m\u00edsto-e1494010612710-300x218.jpg\" alt=\"\" width=\"300\" height=\"218\" \/><\/p>\n<p style=\"text-align: center;\"><strong>KRAJSK\u00c9 KOLO 2017 &#8211; III. M\u00cdSTO V KATEGORII WEBOV\u00c9 MAGAZ\u00cdNY <em>(WEBOV\u00dd \u010cASOPIS)<\/em><\/strong><a href=\"http:\/\/www.zsben.cz\/labyrint\/wp-content\/uploads\/2015\/09\/titulka-Labyrint-e1443118684675.jpg\"><br \/><\/a><\/p>\n<p><img loading=\"lazy\" decoding=\"async\" class=\"aligncenter wp-image-6670\" src=\"https:\/\/www.zsben.cz\/labyrint\/wp-content\/uploads\/2015\/09\/1.-m\u00edsto-\u010dasopis-roku-2017-Brno.jpg\" alt=\"\" width=\"289\" height=\"398\" \/><\/p>\n<p style=\"text-align: center;\"><strong>CELOREPUBLIKOV\u00c9 FIN\u00c1LE 2017 &#8211; I. M\u00cdSTO V KATE<\/strong><strong>GORII WEB <em>(WEBOV\u00dd<\/em><\/strong><strong><em>\u00a0\u010cASOPIS)<\/em><\/strong><img loading=\"lazy\" decoding=\"async\" class=\"wp-image-6671 aligncenter\" src=\"https:\/\/www.zsben.cz\/labyrint\/wp-content\/uploads\/2015\/09\/Diplom-2.-m\u00edsto-titulka-republika-2017-Brno.jpg\" alt=\"\" width=\"285\" height=\"393\" \/><\/p>\n<p style=\"text-align: center;\"><strong>CELOREPUBLIKOV\u00c9 FIN<\/strong><strong>\u00c1LE <\/strong><strong>2017 &#8211;<\/strong><strong>\u00a0II. M\u00cdSTO PRO TI\u0160T\u011aN\u00dd \u010cASOPIS &#8211; TITULKA<\/strong><\/p>\n<p><img loading=\"lazy\" decoding=\"async\" class=\"alignnone size-medium wp-image-7450 aligncenter\" src=\"https:\/\/www.zsben.cz\/labyrint\/wp-content\/uploads\/2018\/05\/20180511112744603_0001-300x212.jpg\" alt=\"\" width=\"300\" height=\"212\" srcset=\"https:\/\/www.zsben.cz\/labyrint\/wp-content\/uploads\/2018\/05\/20180511112744603_0001-300x212.jpg 300w, https:\/\/www.zsben.cz\/labyrint\/wp-content\/uploads\/2018\/05\/20180511112744603_0001-768x543.jpg 768w, https:\/\/www.zsben.cz\/labyrint\/wp-content\/uploads\/2018\/05\/20180511112744603_0001-1000x707.jpg 1000w\" sizes=\"auto, (max-width: 300px) 100vw, 300px\" \/><\/p>\n<p style=\"text-align: center;\"><strong>KRAJSK\u00c9 KOLO <\/strong><strong>2018 &#8211;<\/strong><strong>\u00a0ZVL\u00c1\u0160TN\u00cd CENA POROTY\u00a0<em>(TI\u0160T\u011aN\u00dd \u010cASOPIS)<\/em><\/strong><\/p>\n<p style=\"text-align: center;\"><img loading=\"lazy\" decoding=\"async\" class=\"alignnone size-medium wp-image-7451 aligncenter\" src=\"https:\/\/www.zsben.cz\/labyrint\/wp-content\/uploads\/2018\/05\/20180511112744603_0002-300x212.jpg\" alt=\"\" width=\"300\" height=\"212\" srcset=\"https:\/\/www.zsben.cz\/labyrint\/wp-content\/uploads\/2018\/05\/20180511112744603_0002-300x212.jpg 300w, https:\/\/www.zsben.cz\/labyrint\/wp-content\/uploads\/2018\/05\/20180511112744603_0002-768x543.jpg 768w, https:\/\/www.zsben.cz\/labyrint\/wp-content\/uploads\/2018\/05\/20180511112744603_0002-1000x707.jpg 1000w\" sizes=\"auto, (max-width: 300px) 100vw, 300px\" \/><\/p>\n<p style=\"text-align: center;\"><strong>KRAJSK\u00c9 KOLO <\/strong><strong>2018 &#8211;<\/strong><strong>\u00a0III. M\u00cdSTO V KATEGORII WEBOV\u00c9 MAGAZ\u00cdNY <em>(WEBOV\u00dd \u010cASOPIS)<\/em><\/strong><\/p>\n<p><img loading=\"lazy\" decoding=\"async\" class=\"size-medium wp-image-8720 aligncenter\" src=\"https:\/\/www.zsben.cz\/labyrint\/wp-content\/uploads\/2019\/05\/61177235_1659076787569773_1272783115441405952_n-300x212.jpg\" alt=\"\" width=\"300\" height=\"212\" srcset=\"https:\/\/www.zsben.cz\/labyrint\/wp-content\/uploads\/2019\/05\/61177235_1659076787569773_1272783115441405952_n-300x212.jpg 300w, https:\/\/www.zsben.cz\/labyrint\/wp-content\/uploads\/2019\/05\/61177235_1659076787569773_1272783115441405952_n-768x543.jpg 768w, https:\/\/www.zsben.cz\/labyrint\/wp-content\/uploads\/2019\/05\/61177235_1659076787569773_1272783115441405952_n-1000x707.jpg 1000w, https:\/\/www.zsben.cz\/labyrint\/wp-content\/uploads\/2019\/05\/61177235_1659076787569773_1272783115441405952_n-700x496.jpg 700w\" sizes=\"auto, (max-width: 300px) 100vw, 300px\" \/><\/p>\n<p style=\"text-align: center;\"><strong>KRAJSK\u00c9 KOLO <\/strong><strong>2019 &#8211;<\/strong><strong>\u00a0IV. M\u00cdSTO V KATEGORII TI\u0160T\u011aN\u00dd \u010cASOPIS <em>(TI\u0160T\u011aN\u00dd \u010cASOPIS)<\/em><\/strong><\/p>\n<p><img loading=\"lazy\" decoding=\"async\" class=\"size-medium wp-image-8721 aligncenter\" src=\"https:\/\/www.zsben.cz\/labyrint\/wp-content\/uploads\/2019\/05\/61269466_2305290169734111_6925937298001362944_n-300x212.jpg\" alt=\"\" width=\"300\" height=\"212\" srcset=\"https:\/\/www.zsben.cz\/labyrint\/wp-content\/uploads\/2019\/05\/61269466_2305290169734111_6925937298001362944_n-300x212.jpg 300w, https:\/\/www.zsben.cz\/labyrint\/wp-content\/uploads\/2019\/05\/61269466_2305290169734111_6925937298001362944_n-768x543.jpg 768w, https:\/\/www.zsben.cz\/labyrint\/wp-content\/uploads\/2019\/05\/61269466_2305290169734111_6925937298001362944_n-1000x707.jpg 1000w, https:\/\/www.zsben.cz\/labyrint\/wp-content\/uploads\/2019\/05\/61269466_2305290169734111_6925937298001362944_n-700x496.jpg 700w\" sizes=\"auto, (max-width: 300px) 100vw, 300px\" \/><\/p>\n<p style=\"text-align: center;\"><strong>KRAJSK\u00c9 KOLO <\/strong><strong>2019 &#8211;<\/strong><strong>\u00a0III. M\u00cdSTO V KATEGORII WEBOV\u00c9 MAGAZ\u00cdNY <em>(WEBOV\u00dd \u010cASOPIS)<\/em><\/strong><\/p>\n<p><img loading=\"lazy\" decoding=\"async\" class=\"size-medium wp-image-11862 aligncenter\" src=\"https:\/\/www.zsben.cz\/labyrint\/wp-content\/uploads\/2022\/01\/Screenshot_20220114-164612_Word-300x209.jpg\" alt=\"\" width=\"300\" height=\"209\" srcset=\"https:\/\/www.zsben.cz\/labyrint\/wp-content\/uploads\/2022\/01\/Screenshot_20220114-164612_Word-300x209.jpg 300w, https:\/\/www.zsben.cz\/labyrint\/wp-content\/uploads\/2022\/01\/Screenshot_20220114-164612_Word-1000x697.jpg 1000w, https:\/\/www.zsben.cz\/labyrint\/wp-content\/uploads\/2022\/01\/Screenshot_20220114-164612_Word-768x535.jpg 768w, https:\/\/www.zsben.cz\/labyrint\/wp-content\/uploads\/2022\/01\/Screenshot_20220114-164612_Word.jpg 1080w\" sizes=\"auto, (max-width: 300px) 100vw, 300px\" \/><\/p>\n<p style=\"text-align: center;\"><strong>KRAJSK\u00c9 KOLO <\/strong><strong>2021 &#8211;<\/strong><strong>\u00a0OCEN\u011aN\u00cd TITULKA (TI\u0160T\u011aN\u00dd \u010cASOPIS)<\/strong><\/p>\n<p><img loading=\"lazy\" decoding=\"async\" class=\"size-medium wp-image-11863 aligncenter\" src=\"https:\/\/www.zsben.cz\/labyrint\/wp-content\/uploads\/2022\/01\/Screenshot_20220114-164636_Word-300x209.jpg\" alt=\"\" width=\"300\" height=\"209\" srcset=\"https:\/\/www.zsben.cz\/labyrint\/wp-content\/uploads\/2022\/01\/Screenshot_20220114-164636_Word-300x209.jpg 300w, https:\/\/www.zsben.cz\/labyrint\/wp-content\/uploads\/2022\/01\/Screenshot_20220114-164636_Word-1000x697.jpg 1000w, https:\/\/www.zsben.cz\/labyrint\/wp-content\/uploads\/2022\/01\/Screenshot_20220114-164636_Word-768x535.jpg 768w, https:\/\/www.zsben.cz\/labyrint\/wp-content\/uploads\/2022\/01\/Screenshot_20220114-164636_Word.jpg 1079w\" sizes=\"auto, (max-width: 300px) 100vw, 300px\" \/><\/p>\n<p style=\"text-align: center;\"><strong>KRAJSK\u00c9 KOLO <\/strong><strong>2021 &#8211;<\/strong><strong>\u00a0I. M\u00cdSTO V KATEGORII TI\u0160T\u011aN\u00dd \u010cASOPIS <em>(TI\u0160T\u011aN\u00dd \u010cASOPIS)<\/em><\/strong><\/p>\n<p><img loading=\"lazy\" decoding=\"async\" class=\"size-medium wp-image-13150 aligncenter\" src=\"https:\/\/www.zsben.cz\/labyrint\/wp-content\/uploads\/2022\/12\/casopis-roku-300x208.jpg\" alt=\"\" width=\"300\" height=\"208\" srcset=\"https:\/\/www.zsben.cz\/labyrint\/wp-content\/uploads\/2022\/12\/casopis-roku-300x208.jpg 300w, https:\/\/www.zsben.cz\/labyrint\/wp-content\/uploads\/2022\/12\/casopis-roku.jpg 483w\" sizes=\"auto, (max-width: 300px) 100vw, 300px\" \/><\/p>\n<p><strong>\u00a0 \u00a0 \u00a0 \u00a0 \u00a0 \u00a0 \u00a0 \u00a0 \u00a0 KRAJSK\u00c9 KOLO <\/strong><strong>2022 &#8211;<\/strong><strong> I. M\u00cdSTO V KATEGORII WEBOV\u00c9 NOVINY A \u010cASOPISY<\/strong><\/p>\n<p><strong><img loading=\"lazy\" decoding=\"async\" class=\"size-medium wp-image-13149 aligncenter\" src=\"https:\/\/www.zsben.cz\/labyrint\/wp-content\/uploads\/2022\/12\/casopis-roku-1-300x210.jpg\" alt=\"\" width=\"300\" height=\"210\" srcset=\"https:\/\/www.zsben.cz\/labyrint\/wp-content\/uploads\/2022\/12\/casopis-roku-1-300x210.jpg 300w, https:\/\/www.zsben.cz\/labyrint\/wp-content\/uploads\/2022\/12\/casopis-roku-1.jpg 649w\" sizes=\"auto, (max-width: 300px) 100vw, 300px\" \/><\/strong><\/p>\n<p><strong>\u00a0 \u00a0 \u00a0 \u00a0 \u00a0 \u00a0 \u00a0 \u00a0 \u00a0 \u00a0KRAJSK\u00c9 KOLO 2022 &#8211; III. M\u00cdSTO V KATEGORII TI\u0160T\u011aN\u00dd \u010cASOPIS <em>(TI\u0160T\u011aN\u00dd \u010cASOPIS)<\/em>\u00a0<\/strong><\/p>\n<p><img loading=\"lazy\" decoding=\"async\" class=\"size-medium wp-image-13840 aligncenter\" src=\"https:\/\/www.zsben.cz\/labyrint\/wp-content\/uploads\/2023\/06\/img20230605_21032132-scaled-e1686677813206-300x212.jpg\" alt=\"\" width=\"300\" height=\"212\" srcset=\"https:\/\/www.zsben.cz\/labyrint\/wp-content\/uploads\/2023\/06\/img20230605_21032132-scaled-e1686677813206-300x212.jpg 300w, https:\/\/www.zsben.cz\/labyrint\/wp-content\/uploads\/2023\/06\/img20230605_21032132-scaled-e1686677813206-1000x708.jpg 1000w, https:\/\/www.zsben.cz\/labyrint\/wp-content\/uploads\/2023\/06\/img20230605_21032132-scaled-e1686677813206-768x544.jpg 768w, https:\/\/www.zsben.cz\/labyrint\/wp-content\/uploads\/2023\/06\/img20230605_21032132-scaled-e1686677813206-1536x1087.jpg 1536w, https:\/\/www.zsben.cz\/labyrint\/wp-content\/uploads\/2023\/06\/img20230605_21032132-scaled-e1686677813206-2048x1450.jpg 2048w, https:\/\/www.zsben.cz\/labyrint\/wp-content\/uploads\/2023\/06\/img20230605_21032132-scaled-e1686677813206-700x496.jpg 700w\" sizes=\"auto, (max-width: 300px) 100vw, 300px\" \/><\/p>\n<p style=\"text-align: center;\"><strong>KRAJSK\u00c9 KOLO 2023 &#8211; OCEN\u011aN\u00cd ZA \u00da\u010cAST V KATEGORII TI\u0160T\u011aN\u00dd \u010cASOPIS<\/strong><\/p>\n<p><img loading=\"lazy\" decoding=\"async\" class=\"size-medium wp-image-13842 aligncenter\" src=\"https:\/\/www.zsben.cz\/labyrint\/wp-content\/uploads\/2023\/06\/img20230605_21080149-scaled-e1686677906306-300x212.jpg\" alt=\"\" width=\"300\" height=\"212\" srcset=\"https:\/\/www.zsben.cz\/labyrint\/wp-content\/uploads\/2023\/06\/img20230605_21080149-scaled-e1686677906306-300x212.jpg 300w, https:\/\/www.zsben.cz\/labyrint\/wp-content\/uploads\/2023\/06\/img20230605_21080149-scaled-e1686677906306-1000x708.jpg 1000w, https:\/\/www.zsben.cz\/labyrint\/wp-content\/uploads\/2023\/06\/img20230605_21080149-scaled-e1686677906306-768x544.jpg 768w, https:\/\/www.zsben.cz\/labyrint\/wp-content\/uploads\/2023\/06\/img20230605_21080149-scaled-e1686677906306-1536x1087.jpg 1536w, https:\/\/www.zsben.cz\/labyrint\/wp-content\/uploads\/2023\/06\/img20230605_21080149-scaled-e1686677906306-2048x1450.jpg 2048w, https:\/\/www.zsben.cz\/labyrint\/wp-content\/uploads\/2023\/06\/img20230605_21080149-scaled-e1686677906306-700x496.jpg 700w\" sizes=\"auto, (max-width: 300px) 100vw, 300px\" \/><\/p>\n<p style=\"text-align: center;\"><strong>KRAJSK\u00c9 KOLO 2023 &#8211; CERTIFIK\u00c1T ZA ABSOLVOV\u00c1N\u00cd CELORO\u010cN\u00cdHO KURZU\u00a0<\/strong><\/p>\n<p><img loading=\"lazy\" decoding=\"async\" class=\"alignnone size-medium wp-image-14241 aligncenter\" src=\"https:\/\/www.zsben.cz\/labyrint\/wp-content\/uploads\/2024\/04\/img20240421_22334869-300x212.jpg\" alt=\"\" width=\"300\" height=\"212\" srcset=\"https:\/\/www.zsben.cz\/labyrint\/wp-content\/uploads\/2024\/04\/img20240421_22334869-300x212.jpg 300w, https:\/\/www.zsben.cz\/labyrint\/wp-content\/uploads\/2024\/04\/img20240421_22334869-1000x707.jpg 1000w, https:\/\/www.zsben.cz\/labyrint\/wp-content\/uploads\/2024\/04\/img20240421_22334869-768x543.jpg 768w, https:\/\/www.zsben.cz\/labyrint\/wp-content\/uploads\/2024\/04\/img20240421_22334869-1536x1087.jpg 1536w, https:\/\/www.zsben.cz\/labyrint\/wp-content\/uploads\/2024\/04\/img20240421_22334869-2048x1449.jpg 2048w, https:\/\/www.zsben.cz\/labyrint\/wp-content\/uploads\/2024\/04\/img20240421_22334869-700x496.jpg 700w\" sizes=\"auto, (max-width: 300px) 100vw, 300px\" \/><\/p>\n<p style=\"text-align: center;\"><strong>KRAJSK\u00c9 KOLO 2024 &#8211; III. M\u00cdSTO V KATEGORII TI\u0160T\u011aN\u00dd \u010cASOPIS, 2. STUPE\u0147<\/strong><\/p>\n<p><img loading=\"lazy\" decoding=\"async\" class=\"alignnone size-medium wp-image-14919 aligncenter\" src=\"https:\/\/www.zsben.cz\/labyrint\/wp-content\/uploads\/2025\/05\/496927534_1104478108364283_4847706663157786856_n-300x212.jpg\" alt=\"\" width=\"300\" height=\"212\" srcset=\"https:\/\/www.zsben.cz\/labyrint\/wp-content\/uploads\/2025\/05\/496927534_1104478108364283_4847706663157786856_n-300x212.jpg 300w, https:\/\/www.zsben.cz\/labyrint\/wp-content\/uploads\/2025\/05\/496927534_1104478108364283_4847706663157786856_n-768x541.jpg 768w, https:\/\/www.zsben.cz\/labyrint\/wp-content\/uploads\/2025\/05\/496927534_1104478108364283_4847706663157786856_n-700x496.jpg 700w, https:\/\/www.zsben.cz\/labyrint\/wp-content\/uploads\/2025\/05\/496927534_1104478108364283_4847706663157786856_n.jpg 851w\" sizes=\"auto, (max-width: 300px) 100vw, 300px\" \/><\/p>\n<p><strong>KRAJSK\u00c9 KOLO 2025 &#8211; I. M\u00cdSTO V KATEGORII WEBOV\u00c9 NOVINY A \u010cASOPISY, 1. a 2. STUPE\u0147<\/strong><\/p>\n<p><img loading=\"lazy\" decoding=\"async\" class=\"alignnone size-medium wp-image-15668 aligncenter\" src=\"https:\/\/www.zsben.cz\/labyrint\/wp-content\/uploads\/2026\/04\/img20260426_22262830-scaled-e1777235730869-300x212.png\" alt=\"\" width=\"300\" height=\"212\" srcset=\"https:\/\/www.zsben.cz\/labyrint\/wp-content\/uploads\/2026\/04\/img20260426_22262830-scaled-e1777235730869-300x212.png 300w, https:\/\/www.zsben.cz\/labyrint\/wp-content\/uploads\/2026\/04\/img20260426_22262830-scaled-e1777235730869-1000x707.png 1000w, https:\/\/www.zsben.cz\/labyrint\/wp-content\/uploads\/2026\/04\/img20260426_22262830-scaled-e1777235730869-768x543.png 768w, https:\/\/www.zsben.cz\/labyrint\/wp-content\/uploads\/2026\/04\/img20260426_22262830-scaled-e1777235730869-1536x1087.png 1536w, https:\/\/www.zsben.cz\/labyrint\/wp-content\/uploads\/2026\/04\/img20260426_22262830-scaled-e1777235730869-2048x1449.png 2048w, https:\/\/www.zsben.cz\/labyrint\/wp-content\/uploads\/2026\/04\/img20260426_22262830-scaled-e1777235730869-700x496.png 700w\" sizes=\"auto, (max-width: 300px) 100vw, 300px\" \/> <img loading=\"lazy\" decoding=\"async\" class=\"alignnone size-medium wp-image-15670 aligncenter\" src=\"https:\/\/www.zsben.cz\/labyrint\/wp-content\/uploads\/2026\/04\/img20260426_22291436-scaled-e1777235777884-300x212.png\" alt=\"\" width=\"300\" height=\"212\" srcset=\"https:\/\/www.zsben.cz\/labyrint\/wp-content\/uploads\/2026\/04\/img20260426_22291436-scaled-e1777235777884-300x212.png 300w, https:\/\/www.zsben.cz\/labyrint\/wp-content\/uploads\/2026\/04\/img20260426_22291436-scaled-e1777235777884-1000x707.png 1000w, https:\/\/www.zsben.cz\/labyrint\/wp-content\/uploads\/2026\/04\/img20260426_22291436-scaled-e1777235777884-768x543.png 768w, https:\/\/www.zsben.cz\/labyrint\/wp-content\/uploads\/2026\/04\/img20260426_22291436-scaled-e1777235777884-1536x1087.png 1536w, https:\/\/www.zsben.cz\/labyrint\/wp-content\/uploads\/2026\/04\/img20260426_22291436-scaled-e1777235777884-2048x1449.png 2048w, https:\/\/www.zsben.cz\/labyrint\/wp-content\/uploads\/2026\/04\/img20260426_22291436-scaled-e1777235777884-700x496.png 700w\" sizes=\"auto, (max-width: 300px) 100vw, 300px\" \/><\/p>\n<p><strong>KRAJSK\u00c9 KOLO 2026 &#8211; II. M\u00cdSTO V KATEGORII WEBOV\u00c9 NOVINY 2. STUPE\u0147 A III. M\u00cdSTO V KATEGORII TI\u0160T\u011aN\u00c9 \u010cASOPISY, 2. STUPE\u0147<\/strong><\/p>\n\n","protected":false},"excerpt":{"rendered":"<p>KRAJSK\u00c9 KOLO 2014 &#8211; OCEN\u011aN\u00cd TITULKA (TI\u0160T\u011aN\u00dd \u010cASOPIS) KRAJSK\u00c9 KOLO 2014 &#8211; III. M\u00cdSTO V KATEGORII II. STUPE\u0147 (TI\u0160T\u011aN\u00dd \u010cASOPIS)CELOREPUBLIKOV\u00c9 FIN\u00c1LE 2014 &#8211; CENA POROTY&hellip; <\/p>\n","protected":false},"author":13,"featured_media":0,"parent":0,"menu_order":0,"comment_status":"closed","ping_status":"closed","template":"","meta":{"footnotes":""},"class_list":["post-1996","page","type-page","status-publish","hentry"],"_links":{"self":[{"href":"https:\/\/www.zsben.cz\/labyrint\/index.php?rest_route=\/wp\/v2\/pages\/1996","targetHints":{"allow":["GET"]}}],"collection":[{"href":"https:\/\/www.zsben.cz\/labyrint\/index.php?rest_route=\/wp\/v2\/pages"}],"about":[{"href":"https:\/\/www.zsben.cz\/labyrint\/index.php?rest_route=\/wp\/v2\/types\/page"}],"author":[{"embeddable":true,"href":"https:\/\/www.zsben.cz\/labyrint\/index.php?rest_route=\/wp\/v2\/users\/13"}],"replies":[{"embeddable":true,"href":"https:\/\/www.zsben.cz\/labyrint\/index.php?rest_route=%2Fwp%2Fv2%2Fcomments&post=1996"}],"version-history":[{"count":30,"href":"https:\/\/www.zsben.cz\/labyrint\/index.php?rest_route=\/wp\/v2\/pages\/1996\/revisions"}],"predecessor-version":[{"id":15671,"href":"https:\/\/www.zsben.cz\/labyrint\/index.php?rest_route=\/wp\/v2\/pages\/1996\/revisions\/15671"}],"wp:attachment":[{"href":"https:\/\/www.zsben.cz\/labyrint\/index.php?rest_route=%2Fwp%2Fv2%2Fmedia&parent=1996"}],"curies":[{"name":"wp","href":"https:\/\/api.w.org\/{rel}","templated":true}]}}