{"id":1990,"date":"2015-09-24T05:17:10","date_gmt":"2015-09-24T04:17:10","guid":{"rendered":"http:\/\/www1.zsben.cz\/labyrint\/?page_id=1990"},"modified":"2022-04-07T22:27:30","modified_gmt":"2022-04-07T20:27:30","slug":"kde-nas-najdete","status":"publish","type":"page","link":"https:\/\/www.zsben.cz\/labyrint\/?page_id=1990","title":{"rendered":"Kontakt"},"content":{"rendered":"<p><img loading=\"lazy\" decoding=\"async\" class=\"alignleft\" src=\"https:\/\/www.zsben.cz\/labyrint\/wp-content\/uploads\/2018\/11\/corporate-design-logo-design.png\" alt=\"\" width=\"190\" height=\"190\" \/><\/p>\n<p style=\"text-align: center;\"><strong><span style=\"font-size: 24px;\"><span style=\"color: #ff0000;\">LABYRINT:<\/span> <span style=\"color: #0000ff;\">\u0161koln\u00ed <\/span><span style=\"color: #ff6600;\">\u010dasopis<\/span><\/span><\/strong><\/p>\n<p style=\"text-align: center;\"><strong><span style=\"font-size: 24px;\">Z\u00e1kladn\u00ed \u0161kola Bene\u0161ov, Dukelsk\u00e1 1818<\/span><\/strong><\/p>\n<p style=\"text-align: center;\"><strong><span style=\"font-size: 24px;\">Dukelsk\u00e1 1818<\/span><\/strong><\/p>\n<p style=\"text-align: center;\"><strong><span style=\"font-size: 24px;\">Bene\u0161ov, 256 01<\/span><\/strong><\/p>\n<p><span style=\"color: #ff0000; font-size: 16px;\"><strong>KONTAKTN\u00cd OSOBA<\/strong><\/span><br \/>\n<span style=\"font-size: 16px;\"><strong>Mgr. Marcela VLKANNOVA<\/strong><\/span><br \/>\n<span style=\"font-size: 16px;\">(vedouc\u00ed redak\u010dn\u00ed rady, odpov\u011bdn\u00fd redaktor, u\u010ditelka L\u010d)<\/span><br \/>\n<span style=\"font-size: 16px;\">kabinet \u010desk\u00e9ho jazyka<\/span><br \/>\n<span style=\"font-size: 16px;\">vlkannova@zsben.cz<\/span><br \/>\n<span style=\"font-size: 16px;\">317 765 124<\/span><\/p>\n<p><span style=\"color: #0000ff; font-size: 16px;\"><strong>D\u016eLE\u017dIT\u00c9 KONTAKTY<\/strong><\/span><br \/>\n<span style=\"font-size: 16px;\"><strong>PaedDr. Hana PROCH\u00c1ZKOV\u00c1<br \/>\n<\/strong>(\u0159editelka \u0161koly)<br \/>\nprochazkova@zsben.cz<br \/>\n317 765 121<\/span><\/p>\n<p><span style=\"font-size: 16px;\"><strong>Mgr. Lubor BR\u00c1ZDA<br \/>\n<\/strong>(spr\u00e1vce webov\u00e9ho \u010dasopisu, z\u00e1stupce \u0159editelky \u0161koly pro II. stupe\u0148)<br \/>\nbrazda@zsben.cz<br \/>\n<\/span><span style=\"font-size: 16px;\">317 765 123<\/span><\/p>\n<p><span style=\"font-size: 16px;\"><strong>David VESEL\u00dd<br \/>\n<\/strong>(extern\u00ed pracovn\u00edk pro \u0161koln\u00ed \u010dasopis)<br \/>\nveselyD@outlook.cz<\/span><\/p>\n<p><span style=\"font-size: 16px;\"><strong><span style=\"color: #ff6600;\">TIR\u00c1\u017d TI\u0160T\u011aN\u00c9HO \u010c\u00cdSLA<\/span><\/strong><\/span><br \/>\n<strong><span style=\"font-size: 16px;\">LABYRINT: \u0161koln\u00ed \u010dasopis Z\u00e1kladn\u00ed \u0161koly Bene\u0161ov, Dukelsk\u00e1 1818<\/span><\/strong><br \/>\n<span style=\"font-size: 16px;\"><strong>Adresa:<\/strong> Dukelsk\u00e1 1818, Bene\u0161ov, 256 01<\/span><br \/>\n<span style=\"font-size: 16px;\"><strong>\u0160koln\u00ed rok:<\/strong> 2019 \/ 2020<\/span><br \/>\n<span style=\"font-size: 16px;\"><strong>Odpov\u011bdn\u00e1 redaktorka:<\/strong> Mgr. Marcela VLKANNOVA<\/span><br \/>\n<span style=\"font-size: 16px;\"><strong>Korektorka ti\u0161t\u011bn\u00e9 verze:<\/strong> Mgr. Blanka VRKOSLAVOV\u00c1<\/span><br \/>\n<span style=\"font-size: 16px;\"><strong>Obr\u00e1zky do ti\u0161t\u011bn\u00e9 verze zaji\u0161\u0165uj\u00ed:<\/strong> Mgr. Eva FI\u0160EROV\u00c1, Mgr. Jana UHROV\u00c1<\/span><br \/>\n<span style=\"font-size: 16px;\"><strong>Tisk:<\/strong> spole\u010dnost Lekis, s. r. o.<\/span><br \/>\n<strong>N\u00e1klad:<\/strong> 50 v\u00fdtisk\u016f do t\u0159\u00edd a pro redaktory<\/p>\n","protected":false},"excerpt":{"rendered":"<p>LABYRINT: \u0161koln\u00ed \u010dasopis Z\u00e1kladn\u00ed \u0161kola Bene\u0161ov, Dukelsk\u00e1 1818 Dukelsk\u00e1 1818 Bene\u0161ov, 256 01 KONTAKTN\u00cd OSOBA Mgr. Marcela VLKANNOVA (vedouc\u00ed redak\u010dn\u00ed rady, odpov\u011bdn\u00fd redaktor, u\u010ditelka L\u010d)&hellip; <\/p>\n","protected":false},"author":13,"featured_media":0,"parent":0,"menu_order":0,"comment_status":"closed","ping_status":"closed","template":"","meta":{"footnotes":""},"class_list":["post-1990","page","type-page","status-publish","hentry"],"_links":{"self":[{"href":"https:\/\/www.zsben.cz\/labyrint\/index.php?rest_route=\/wp\/v2\/pages\/1990","targetHints":{"allow":["GET"]}}],"collection":[{"href":"https:\/\/www.zsben.cz\/labyrint\/index.php?rest_route=\/wp\/v2\/pages"}],"about":[{"href":"https:\/\/www.zsben.cz\/labyrint\/index.php?rest_route=\/wp\/v2\/types\/page"}],"author":[{"embeddable":true,"href":"https:\/\/www.zsben.cz\/labyrint\/index.php?rest_route=\/wp\/v2\/users\/13"}],"replies":[{"embeddable":true,"href":"https:\/\/www.zsben.cz\/labyrint\/index.php?rest_route=%2Fwp%2Fv2%2Fcomments&post=1990"}],"version-history":[{"count":40,"href":"https:\/\/www.zsben.cz\/labyrint\/index.php?rest_route=\/wp\/v2\/pages\/1990\/revisions"}],"predecessor-version":[{"id":12337,"href":"https:\/\/www.zsben.cz\/labyrint\/index.php?rest_route=\/wp\/v2\/pages\/1990\/revisions\/12337"}],"wp:attachment":[{"href":"https:\/\/www.zsben.cz\/labyrint\/index.php?rest_route=%2Fwp%2Fv2%2Fmedia&parent=1990"}],"curies":[{"name":"wp","href":"https:\/\/api.w.org\/{rel}","templated":true}]}}