{"id":13578,"date":"2023-04-18T18:04:35","date_gmt":"2023-04-18T16:04:35","guid":{"rendered":"https:\/\/www.zsben.cz\/labyrint\/?page_id=13578"},"modified":"2023-04-18T19:12:30","modified_gmt":"2023-04-18T17:12:30","slug":"dukla-ma-talent-ix","status":"publish","type":"page","link":"https:\/\/www.zsben.cz\/labyrint\/?page_id=13578","title":{"rendered":"Dukla m\u00e1 talent IX."},"content":{"rendered":"\n\n\n<p>Dne 30. 11. 2022 se konalo ji\u017e dev\u00e1t\u00e9 kolo \u0161koln\u00ed talentov\u00e9 sout\u011b\u017ee. V\u00fdsledky jsou:<\/p>\n<p>Kategorie 1.-4. t\u0159\u00edda:<\/p>\n<ol>\n<li>m\u00edsto Johana Kocmatov\u00e1 a Elizabeth Vysko\u010dilov\u00e1, 4. B, zp\u011bv<\/li>\n<li>m\u00edsto Andrea Bl\u00e1hov\u00e1, Julie Pechov\u00e1 a\u00a0Anna Sobotovi\u010dov\u00e1, 4. C, hra na hudebn\u00ed n\u00e1stroje a zp\u011bv<\/li>\n<li>m\u00edsto Kristina Zemanov\u00e1, 4. C, recitace<\/li>\n<\/ol>\n<p>Kategorie 5.-9. t\u0159\u00edda:<\/p>\n<ol>\n<li>m\u00edsto Miroslav \u0160usta, 6. B, hra na bubny<\/li>\n<li>m\u00edsto Kate\u0159ina P\u00edchov\u00e1, 9. A, hra na fl\u00e9tnu<\/li>\n<li>m\u00edsto Libu\u0161e Jind\u0159ichov\u00e1, 8. D, hra na kytaru a zp\u011bv<\/li>\n<\/ol>\n<p>Cena publika: Adam Srstka, 6. E, tanec<\/p>\n<p>Cena poroty: Tereza Hlav\u00e1\u010dkov\u00e1, Ag\u00e1ta Sl\u00e1dkov\u00e1, 5. B, tanec a hra na hudebn\u00ed n\u00e1stroje<\/p>\n<p><strong>V\u0161em d\u011btem d\u011bkujeme za \u00fa\u010dast a v\u00edt\u011bz\u016fm gratulujeme. T\u011b\u0161\u00edme se na vid\u011bnou p\u0159\u00ed\u0161t\u00ed rok u jubilejn\u00edho 10. ro\u010dn\u00edku sout\u011b\u017ee.<\/strong><\/p>\n<p>\u00a0<\/p>\n","protected":false},"excerpt":{"rendered":"<p>Dne 30. 11. 2022 se konalo ji\u017e dev\u00e1t\u00e9 kolo \u0161koln\u00ed talentov\u00e9 sout\u011b\u017ee. V\u00fdsledky jsou: Kategorie 1.-4. t\u0159\u00edda: m\u00edsto Johana Kocmatov\u00e1 a Elizabeth Vysko\u010dilov\u00e1, 4. B,&hellip; <\/p>\n","protected":false},"author":56,"featured_media":13579,"parent":0,"menu_order":0,"comment_status":"closed","ping_status":"closed","template":"","meta":{"footnotes":""},"class_list":["post-13578","page","type-page","status-publish","has-post-thumbnail","hentry"],"_links":{"self":[{"href":"https:\/\/www.zsben.cz\/labyrint\/index.php?rest_route=\/wp\/v2\/pages\/13578","targetHints":{"allow":["GET"]}}],"collection":[{"href":"https:\/\/www.zsben.cz\/labyrint\/index.php?rest_route=\/wp\/v2\/pages"}],"about":[{"href":"https:\/\/www.zsben.cz\/labyrint\/index.php?rest_route=\/wp\/v2\/types\/page"}],"author":[{"embeddable":true,"href":"https:\/\/www.zsben.cz\/labyrint\/index.php?rest_route=\/wp\/v2\/users\/56"}],"replies":[{"embeddable":true,"href":"https:\/\/www.zsben.cz\/labyrint\/index.php?rest_route=%2Fwp%2Fv2%2Fcomments&post=13578"}],"version-history":[{"count":2,"href":"https:\/\/www.zsben.cz\/labyrint\/index.php?rest_route=\/wp\/v2\/pages\/13578\/revisions"}],"predecessor-version":[{"id":13585,"href":"https:\/\/www.zsben.cz\/labyrint\/index.php?rest_route=\/wp\/v2\/pages\/13578\/revisions\/13585"}],"wp:featuredmedia":[{"embeddable":true,"href":"https:\/\/www.zsben.cz\/labyrint\/index.php?rest_route=\/wp\/v2\/media\/13579"}],"wp:attachment":[{"href":"https:\/\/www.zsben.cz\/labyrint\/index.php?rest_route=%2Fwp%2Fv2%2Fmedia&parent=13578"}],"curies":[{"name":"wp","href":"https:\/\/api.w.org\/{rel}","templated":true}]}}