{"id":12641,"date":"2022-06-06T17:16:22","date_gmt":"2022-06-06T15:16:22","guid":{"rendered":"https:\/\/www.zsben.cz\/labyrint\/?page_id=12641"},"modified":"2023-04-18T18:09:33","modified_gmt":"2023-04-18T16:09:33","slug":"dukla-ma-talent-viii","status":"publish","type":"page","link":"https:\/\/www.zsben.cz\/labyrint\/?page_id=12641","title":{"rendered":"Dukla m\u00e1 talent VIII."},"content":{"rendered":"\n<p>Dne 4. 5. 2022 prob\u011bhlo fin\u00e1lov\u00e9 kolo \u0161koln\u00ed talentov\u00e9 sout\u011b\u017ee Dukla m\u00e1 talent, kterou po\u0159\u00e1d\u00e1 pr\u00e1v\u011b n\u00e1\u0161 \u0161koln\u00ed \u010dasopis. U\u017e poosm\u00e9 jsme se mohli p\u0159esv\u011bd\u010dit, \u017ee na\u0161e \u0161kola m\u00e1 plno \u00fa\u017easn\u00fdch a \u0161ikovn\u00fdch d\u011bt\u00ed. Div\u00e1ci zhl\u00e9dli spoustu kr\u00e1sn\u00fdch vystoupen\u00ed \u2013 d\u011bti tan\u010dily, zp\u00edvaly, hr\u00e1ly na hudebn\u00ed n\u00e1stroje, sezn\u00e1mily n\u00e1s s um\u011bn\u00edm taekwonda, recitovaly\u2026 Volba v\u00edt\u011bz\u016f nebyla pro porotu v\u016fbec jednoduch\u00e1.\u00a0<\/p>\n<p>Leto\u0161n\u00ed v\u00fdsledky:<\/p>\n<ol>\n<li><strong>m\u00edsto \u2013 Julie Pechov\u00e1, 3. C, Hra na ukulele<\/strong><\/li>\n<\/ol>\n<ol start=\"2\">\n<li><strong>m\u00edsto \u2013 Patrik Janata, 7. D, Hra na kytaru (vybrnk\u00e1v\u00e1n\u00ed)<\/strong><\/li>\n<li><strong>m\u00edsto \u2013 Nela Dr\u00e1bkov\u00e1, Aneta Houzarov\u00e1, 4. B, Tanec<\/strong><\/li>\n<\/ol>\n<p>Ocen\u011bn\u00ed poroty \u2013 D. Dan\u011bk, L. Jind\u0159ichov\u00e1 + D. Chlada, P. Janata, J. Koudelka, A. Koukolov\u00e1, \u00a0\u00a0\u00a0\u00a0\u00a0\u00a0\u00a0\u00a0\u00a0\u00a0\u00a0\u00a0\u00a0\u00a0\u00a0\u00a0K. Kudrnov\u00e1, F. La\u0161tovka, P. Mikol\u00e1\u0161, N. Rada\u010dovsk\u00e1, K. Strachotov\u00e1,\u00a0 N. Tolmanov\u00e1 \u2013 7. D, Hra na kytaru a zp\u011bv<\/p>\n","protected":false},"excerpt":{"rendered":"<p>Dne 4. 5. 2022 prob\u011bhlo fin\u00e1lov\u00e9 kolo \u0161koln\u00ed talentov\u00e9 sout\u011b\u017ee Dukla m\u00e1 talent, kterou po\u0159\u00e1d\u00e1 pr\u00e1v\u011b n\u00e1\u0161 \u0161koln\u00ed \u010dasopis. U\u017e poosm\u00e9 jsme se mohli p\u0159esv\u011bd\u010dit,&hellip; <\/p>\n","protected":false},"author":56,"featured_media":13582,"parent":0,"menu_order":0,"comment_status":"closed","ping_status":"closed","template":"","meta":{"footnotes":""},"class_list":["post-12641","page","type-page","status-publish","has-post-thumbnail","hentry"],"_links":{"self":[{"href":"https:\/\/www.zsben.cz\/labyrint\/index.php?rest_route=\/wp\/v2\/pages\/12641","targetHints":{"allow":["GET"]}}],"collection":[{"href":"https:\/\/www.zsben.cz\/labyrint\/index.php?rest_route=\/wp\/v2\/pages"}],"about":[{"href":"https:\/\/www.zsben.cz\/labyrint\/index.php?rest_route=\/wp\/v2\/types\/page"}],"author":[{"embeddable":true,"href":"https:\/\/www.zsben.cz\/labyrint\/index.php?rest_route=\/wp\/v2\/users\/56"}],"replies":[{"embeddable":true,"href":"https:\/\/www.zsben.cz\/labyrint\/index.php?rest_route=%2Fwp%2Fv2%2Fcomments&post=12641"}],"version-history":[{"count":3,"href":"https:\/\/www.zsben.cz\/labyrint\/index.php?rest_route=\/wp\/v2\/pages\/12641\/revisions"}],"predecessor-version":[{"id":13583,"href":"https:\/\/www.zsben.cz\/labyrint\/index.php?rest_route=\/wp\/v2\/pages\/12641\/revisions\/13583"}],"wp:featuredmedia":[{"embeddable":true,"href":"https:\/\/www.zsben.cz\/labyrint\/index.php?rest_route=\/wp\/v2\/media\/13582"}],"wp:attachment":[{"href":"https:\/\/www.zsben.cz\/labyrint\/index.php?rest_route=%2Fwp%2Fv2%2Fmedia&parent=12641"}],"curies":[{"name":"wp","href":"https:\/\/api.w.org\/{rel}","templated":true}]}}